{"id":2139104,"date":"2023-10-26T14:45:47","date_gmt":"2023-10-26T14:45:47","guid":{"rendered":"https:\/\/www.oodrive.com\/?page_id=2139104"},"modified":"2026-05-07T13:08:16","modified_gmt":"2026-05-07T13:08:16","slug":"oodrive-save","status":"publish","type":"page","link":"https:\/\/www.oodrive.com\/fr\/demander-une-demo\/oodrive-save\/","title":{"rendered":"Demande de d\u00e9mo &#8211; Oodrive Save"},"content":{"rendered":"\t\t<div data-elementor-type=\"wp-page\" data-elementor-id=\"2139104\" class=\"elementor elementor-2139104\" data-elementor-post-type=\"page\">\n\t\t\t\t<div class=\"elementor-element elementor-element-5521965 e-flex e-con-boxed e-con e-parent\" data-id=\"5521965\" data-element_type=\"container\" data-e-type=\"container\" data-settings=\"{&quot;background_background&quot;:&quot;classic&quot;}\">\n\t\t\t\t\t<div class=\"e-con-inner\">\n\t\t<div class=\"elementor-element elementor-element-f8007ef e-con-full bloc-text light-effect e-flex e-con e-child\" data-id=\"f8007ef\" data-element_type=\"container\" data-e-type=\"container\">\n\t\t\t\t<div class=\"elementor-element elementor-element-0b7d84c elementor-widget elementor-widget-heading\" data-id=\"0b7d84c\" data-element_type=\"widget\" data-e-type=\"widget\" data-widget_type=\"heading.default\">\n\t\t\t\t<div class=\"elementor-widget-container\">\n\t\t\t\t\t<p class=\"elementor-heading-title elementor-size-default\">Sauvegarde de donn\u00e9es<\/p>\t\t\t\t<\/div>\n\t\t\t\t<\/div>\n\t\t\t\t<div class=\"elementor-element elementor-element-cc5ffc8 elementor-widget-tablet__width-inherit h1-sandbox elementor-widget elementor-widget-heading\" data-id=\"cc5ffc8\" data-element_type=\"widget\" data-e-type=\"widget\" data-widget_type=\"heading.default\">\n\t\t\t\t<div class=\"elementor-widget-container\">\n\t\t\t\t\t<h1 class=\"elementor-heading-title elementor-size-default\">Sauvegardez vos donn\u00e9es dans un environnement ultra-s\u00e9curis\u00e9<\/h1>\t\t\t\t<\/div>\n\t\t\t\t<\/div>\n\t\t\t\t<div class=\"elementor-element elementor-element-c79a6a0 elementor-widget__width-initial elementor-absolute elementor-hidden-mobile elementor-widget elementor-widget-image\" data-id=\"c79a6a0\" data-element_type=\"widget\" data-e-type=\"widget\" data-settings=\"{&quot;_position&quot;:&quot;absolute&quot;}\" data-widget_type=\"image.default\">\n\t\t\t\t<div class=\"elementor-widget-container\">\n\t\t\t\t\t\t\t\t\t\t\t\t\t\t\t<img fetchpriority=\"high\" decoding=\"async\" width=\"1244\" height=\"440\" src=\"https:\/\/www.oodrive.com\/wp-content\/uploads\/2026\/05\/illus-save.png\" class=\"attachment-full size-full wp-image-11108458\" alt=\"\" srcset=\"https:\/\/www.oodrive.com\/wp-content\/uploads\/2026\/05\/illus-save.png 1244w, https:\/\/www.oodrive.com\/wp-content\/uploads\/2026\/05\/illus-save-300x106.png 300w, https:\/\/www.oodrive.com\/wp-content\/uploads\/2026\/05\/illus-save-1024x362.png 1024w, https:\/\/www.oodrive.com\/wp-content\/uploads\/2026\/05\/illus-save-768x272.png 768w, https:\/\/www.oodrive.com\/wp-content\/uploads\/2026\/05\/illus-save-770x272.png 770w, https:\/\/www.oodrive.com\/wp-content\/uploads\/2026\/05\/illus-save-336x119.png 336w, https:\/\/www.oodrive.com\/wp-content\/uploads\/2026\/05\/illus-save-410x145.png 410w, https:\/\/www.oodrive.com\/wp-content\/uploads\/2026\/05\/illus-save-517x183.png 517w\" sizes=\"(max-width: 1244px) 100vw, 1244px\" \/>\t\t\t\t\t\t\t\t\t\t\t\t\t\t\t<\/div>\n\t\t\t\t<\/div>\n\t\t<div class=\"elementor-element elementor-element-592150c e-con-full icon-box e-flex e-con e-child\" data-id=\"592150c\" data-element_type=\"container\" data-e-type=\"container\">\n\t\t\t\t<div class=\"elementor-element elementor-element-a7fc312 elementor-widget__width-initial elementor-widget elementor-widget-image\" data-id=\"a7fc312\" data-element_type=\"widget\" data-e-type=\"widget\" data-widget_type=\"image.default\">\n\t\t\t\t<div class=\"elementor-widget-container\">\n\t\t\t\t\t\t\t\t\t\t\t\t\t\t\t<img decoding=\"async\" width=\"52\" height=\"25\" src=\"https:\/\/www.oodrive.com\/wp-content\/uploads\/2026\/05\/oeil.png\" class=\"attachment-full size-full wp-image-11108174\" alt=\"\" \/>\t\t\t\t\t\t\t\t\t\t\t\t\t\t\t<\/div>\n\t\t\t\t<\/div>\n\t\t\t\t<div class=\"elementor-element elementor-element-a73576a elementor-widget elementor-widget-text-editor\" data-id=\"a73576a\" data-element_type=\"widget\" data-e-type=\"widget\" data-widget_type=\"text-editor.default\">\n\t\t\t\t<div class=\"elementor-widget-container\">\n\t\t\t\t\t\t\t\t\t<p>Restauration des donn\u00e9es<\/p>\t\t\t\t\t\t\t\t<\/div>\n\t\t\t\t<\/div>\n\t\t\t\t<\/div>\n\t\t<div class=\"elementor-element elementor-element-32e06a7 e-con-full icon-box e-flex e-con e-child\" data-id=\"32e06a7\" data-element_type=\"container\" data-e-type=\"container\">\n\t\t\t\t<div class=\"elementor-element elementor-element-09ec42f elementor-widget__width-initial elementor-widget elementor-widget-image\" data-id=\"09ec42f\" data-element_type=\"widget\" data-e-type=\"widget\" data-widget_type=\"image.default\">\n\t\t\t\t<div class=\"elementor-widget-container\">\n\t\t\t\t\t\t\t\t\t\t\t\t\t\t\t<img decoding=\"async\" width=\"53\" height=\"40\" src=\"https:\/\/www.oodrive.com\/wp-content\/uploads\/2026\/05\/cloud.png\" class=\"attachment-full size-full wp-image-11108049\" alt=\"\" \/>\t\t\t\t\t\t\t\t\t\t\t\t\t\t\t<\/div>\n\t\t\t\t<\/div>\n\t\t\t\t<div class=\"elementor-element elementor-element-db11c82 elementor-widget elementor-widget-text-editor\" data-id=\"db11c82\" data-element_type=\"widget\" data-e-type=\"widget\" data-widget_type=\"text-editor.default\">\n\t\t\t\t<div class=\"elementor-widget-container\">\n\t\t\t\t\t\t\t\t\t<p>Sauvegarde s\u00e9curis\u00e9e<\/p>\t\t\t\t\t\t\t\t<\/div>\n\t\t\t\t<\/div>\n\t\t\t\t<\/div>\n\t\t<div class=\"elementor-element elementor-element-05918c8 e-con-full icon-box e-flex e-con e-child\" data-id=\"05918c8\" data-element_type=\"container\" data-e-type=\"container\">\n\t\t\t\t<div class=\"elementor-element elementor-element-0dcde44 elementor-widget__width-initial elementor-widget elementor-widget-image\" data-id=\"0dcde44\" data-element_type=\"widget\" data-e-type=\"widget\" data-widget_type=\"image.default\">\n\t\t\t\t<div class=\"elementor-widget-container\">\n\t\t\t\t\t\t\t\t\t\t\t\t\t\t\t<img loading=\"lazy\" decoding=\"async\" width=\"40\" height=\"46\" src=\"https:\/\/www.oodrive.com\/wp-content\/uploads\/2026\/05\/bouclier.png\" class=\"attachment-full size-full wp-image-11108268\" alt=\"\" \/>\t\t\t\t\t\t\t\t\t\t\t\t\t\t\t<\/div>\n\t\t\t\t<\/div>\n\t\t\t\t<div class=\"elementor-element elementor-element-71df117 elementor-widget elementor-widget-text-editor\" data-id=\"71df117\" data-element_type=\"widget\" data-e-type=\"widget\" data-widget_type=\"text-editor.default\">\n\t\t\t\t<div class=\"elementor-widget-container\">\n\t\t\t\t\t\t\t\t\t<p>Protections ransomware<\/p>\t\t\t\t\t\t\t\t<\/div>\n\t\t\t\t<\/div>\n\t\t\t\t<\/div>\n\t\t\t\t<\/div>\n\t\t<div class=\"elementor-element elementor-element-8d82127 e-con-full bloc-form light-effect e-flex e-con e-child\" data-id=\"8d82127\" data-element_type=\"container\" data-e-type=\"container\" data-settings=\"{&quot;background_background&quot;:&quot;classic&quot;}\">\n\t\t\t\t<div class=\"elementor-element elementor-element-30367e2 elementor-widget elementor-widget-heading\" data-id=\"30367e2\" data-element_type=\"widget\" data-e-type=\"widget\" data-widget_type=\"heading.default\">\n\t\t\t\t<div class=\"elementor-widget-container\">\n\t\t\t\t\t<p class=\"elementor-heading-title elementor-size-default\">Demandez une d\u00e9mo  <\/p>\t\t\t\t<\/div>\n\t\t\t\t<\/div>\n\t\t\t\t<div class=\"elementor-element elementor-element-af31ca2 elementor-widget elementor-widget-text-editor\" data-id=\"af31ca2\" data-element_type=\"widget\" data-e-type=\"widget\" data-widget_type=\"text-editor.default\">\n\t\t\t\t<div class=\"elementor-widget-container\">\n\t\t\t\t\t\t\t\t\t<p>Un expert vous rappelle pour comprendre vos besoins et r\u00e9pondre \u00e0 toutes vos questions<\/p>\t\t\t\t\t\t\t\t<\/div>\n\t\t\t\t<\/div>\n\t\t\t\t<div class=\"elementor-element elementor-element-ef2b8ce wrapper-form elementor-widget elementor-widget-html\" data-id=\"ef2b8ce\" data-element_type=\"widget\" data-e-type=\"widget\" data-widget_type=\"html.default\">\n\t\t\t\t<div class=\"elementor-widget-container\">\n\t\t\t\t\t<script style=\"text\/javascript\">\n  window.onload = function() {\n    function checkHbspForm(){\n        setTimeout(function(){\n            if($('.hbspt-form form').length < 1){\n                $('.alert-hbsp-form').css(\"display\",\"block\");\n                $('.spinner-load').css(\"display\",\"none\");\n            }\n        }, 3000);\n    }\n    checkHbspForm();\n  };\n<\/script>\n\n<div class=\"spinner-load\"><\/div>\n\n\n<script type=\"text\/javascript\">\n$(document).ready(function() {\n    \/\/ S\u00e9lecteur du formulaire HubSpot\n    const formSelector = '.hbspt-form form';\n\n    \/\/ Fonction pour v\u00e9rifier la pr\u00e9sence du formulaire\n    function checkForForm() {\n        if ($(formSelector).length > 0) {\n            \/\/ Si le formulaire est trouv\u00e9, afficher une alerte\n            $('.spinner-load').css(\"display\",\"none\");\n        }\n    }\n\n    \/\/ Configuration de MutationObserver\n    const observer = new MutationObserver(function(mutations) {\n        mutations.forEach(function(mutation) {\n            \/\/ V\u00e9rifier si des n\u0153uds ont \u00e9t\u00e9 ajout\u00e9s\n            if (mutation.addedNodes.length > 0) {\n                checkForForm();\n            }\n        });\n    });\n\n    \/\/ D\u00e9marrer l'observation du corps de la page\n    observer.observe(document.body, {\n        childList: true, \/\/ Surveiller les ajouts\/suppressions de n\u0153uds enfants\n        subtree: true \/\/ Surveiller tout le sous-arbre du DOM\n    });\n\n    \/\/ V\u00e9rifier imm\u00e9diatement au chargement de la page\n    checkForForm();\n});    \n<\/script>\n\n<script charset=\"utf-8\" type=\"text\/javascript\" src=\"\/\/js-eu1.hsforms.net\/forms\/embed\/v2.js\"><\/script>\n<script>\n  hbspt.forms.create({\n    region: \"eu1\",\n    portalId: \"26269313\",\n    formId: \"eb90380f-4a47-4ad2-ae71-6b1a4224a972\"\n  });\n<\/script>\n\n<div class=\"alert-hbsp-form\">\n    <p>Il semblerait que les param\u00e8tres de votre navigateur emp\u00eachent l'affichage de ce formulaire.<\/p>\n    <p>Pour \u00eatre recontact\u00e9, vous pouvez \u00e9crire \u00e0 Guillaume Joubert :  <strong>g.joubert@oodrive.com<\/strong><\/p>\n    <p>Merci, <br>\nL\u2019\u00e9quipe Oodrive.<\/p>\n<\/div>\t\t\t\t<\/div>\n\t\t\t\t<\/div>\n\t\t\t\t<\/div>\n\t\t\t\t<div class=\"elementor-element elementor-element-e9abb86 elementor-widget__width-inherit elementor-absolute elementor-widget elementor-widget-image\" data-id=\"e9abb86\" data-element_type=\"widget\" data-e-type=\"widget\" data-settings=\"{&quot;_position&quot;:&quot;absolute&quot;}\" data-widget_type=\"image.default\">\n\t\t\t\t<div class=\"elementor-widget-container\">\n\t\t\t\t\t\t\t\t\t\t\t\t\t\t\t<img loading=\"lazy\" decoding=\"async\" width=\"1098\" height=\"326\" src=\"https:\/\/www.oodrive.com\/wp-content\/uploads\/2026\/05\/pattern-demo.png\" class=\"attachment-full size-full wp-image-11108061\" alt=\"\" srcset=\"https:\/\/www.oodrive.com\/wp-content\/uploads\/2026\/05\/pattern-demo.png 1098w, https:\/\/www.oodrive.com\/wp-content\/uploads\/2026\/05\/pattern-demo-300x89.png 300w, https:\/\/www.oodrive.com\/wp-content\/uploads\/2026\/05\/pattern-demo-1024x304.png 1024w, https:\/\/www.oodrive.com\/wp-content\/uploads\/2026\/05\/pattern-demo-768x228.png 768w, https:\/\/www.oodrive.com\/wp-content\/uploads\/2026\/05\/pattern-demo-770x229.png 770w, https:\/\/www.oodrive.com\/wp-content\/uploads\/2026\/05\/pattern-demo-336x100.png 336w, https:\/\/www.oodrive.com\/wp-content\/uploads\/2026\/05\/pattern-demo-410x122.png 410w, https:\/\/www.oodrive.com\/wp-content\/uploads\/2026\/05\/pattern-demo-517x153.png 517w\" sizes=\"(max-width: 1098px) 100vw, 1098px\" \/>\t\t\t\t\t\t\t\t\t\t\t\t\t\t\t<\/div>\n\t\t\t\t<\/div>\n\t\t\t\t\t<\/div>\n\t\t\t\t<\/div>\n\t\t\t\t<\/div>\n\t\t","protected":false},"excerpt":{"rendered":"<p>Sauvegarde de donn\u00e9es Sauvegardez vos donn\u00e9es dans un environnement ultra-s\u00e9curis\u00e9 Restauration des donn\u00e9es Sauvegarde s\u00e9curis\u00e9e Protections ransomware Demandez une d\u00e9mo Un expert vous rappelle pour comprendre vos besoins et r\u00e9pondre \u00e0 toutes vos questions Il semblerait que les param\u00e8tres de votre navigateur emp\u00eachent l&rsquo;affichage de ce formulaire. Pour \u00eatre recontact\u00e9, vous pouvez \u00e9crire \u00e0 Guillaume [&hellip;]<\/p>\n","protected":false},"author":9,"featured_media":0,"parent":296742,"menu_order":0,"comment_status":"closed","ping_status":"closed","template":"elementor_header_footer","meta":{"inline_featured_image":false,"footnotes":""},"class_list":["post-2139104","page","type-page","status-publish","hentry"],"yoast_head":"<!-- This site is optimized with the Yoast SEO plugin v26.9 - https:\/\/yoast.com\/product\/yoast-seo-wordpress\/ -->\n<title>Demandez votre d\u00e9mo d&#039;Oodrive Save | Oodrive<\/title>\n<meta name=\"robots\" content=\"index, follow, max-snippet:-1, max-image-preview:large, max-video-preview:-1\" \/>\n<meta property=\"og:locale\" content=\"fr_FR\" \/>\n<meta property=\"og:type\" content=\"article\" \/>\n<meta property=\"og:title\" content=\"Demandez votre d\u00e9mo d&#039;Oodrive Save | Oodrive\" \/>\n<meta property=\"og:description\" content=\"Sauvegarde de donn\u00e9es Sauvegardez vos donn\u00e9es dans un environnement ultra-s\u00e9curis\u00e9 Restauration des donn\u00e9es Sauvegarde s\u00e9curis\u00e9e Protections ransomware Demandez une d\u00e9mo Un expert vous rappelle pour comprendre vos besoins et r\u00e9pondre \u00e0 toutes vos questions Il semblerait que les param\u00e8tres de votre navigateur emp\u00eachent l&rsquo;affichage de ce formulaire. Pour \u00eatre recontact\u00e9, vous pouvez \u00e9crire \u00e0 Guillaume [&hellip;]\" \/>\n<meta property=\"og:url\" content=\"https:\/\/www.oodrive.com\/fr\/demander-une-demo\/oodrive-save\/\" \/>\n<meta property=\"og:site_name\" content=\"Oodrive\" \/>\n<meta property=\"article:modified_time\" content=\"2026-05-07T13:08:16+00:00\" \/>\n<meta property=\"og:image\" content=\"https:\/\/www.oodrive.com\/wp-content\/uploads\/2026\/05\/illus-save.png\" \/>\n\t<meta property=\"og:image:width\" content=\"1244\" \/>\n\t<meta property=\"og:image:height\" content=\"440\" \/>\n\t<meta property=\"og:image:type\" content=\"image\/png\" \/>\n<meta name=\"twitter:card\" content=\"summary_large_image\" \/>\n<meta name=\"twitter:label1\" content=\"Dur\u00e9e de lecture estim\u00e9e\" \/>\n\t<meta name=\"twitter:data1\" content=\"2 minutes\" \/>\n<script type=\"application\/ld+json\" class=\"yoast-schema-graph\">{\"@context\":\"https:\/\/schema.org\",\"@graph\":[{\"@type\":\"WebPage\",\"@id\":\"https:\/\/www.oodrive.com\/fr\/demander-une-demo\/oodrive-save\/\",\"url\":\"https:\/\/www.oodrive.com\/fr\/demander-une-demo\/oodrive-save\/\",\"name\":\"Demandez votre d\u00e9mo d'Oodrive Save | Oodrive\",\"isPartOf\":{\"@id\":\"https:\/\/www.oodrive.com\/#website\"},\"primaryImageOfPage\":{\"@id\":\"https:\/\/www.oodrive.com\/fr\/demander-une-demo\/oodrive-save\/#primaryimage\"},\"image\":{\"@id\":\"https:\/\/www.oodrive.com\/fr\/demander-une-demo\/oodrive-save\/#primaryimage\"},\"thumbnailUrl\":\"https:\/\/www.oodrive.com\/wp-content\/uploads\/2026\/05\/illus-save.png\",\"datePublished\":\"2023-10-26T14:45:47+00:00\",\"dateModified\":\"2026-05-07T13:08:16+00:00\",\"breadcrumb\":{\"@id\":\"https:\/\/www.oodrive.com\/fr\/demander-une-demo\/oodrive-save\/#breadcrumb\"},\"inLanguage\":\"fr-FR\",\"potentialAction\":[{\"@type\":\"ReadAction\",\"target\":[\"https:\/\/www.oodrive.com\/fr\/demander-une-demo\/oodrive-save\/\"]}]},{\"@type\":\"ImageObject\",\"inLanguage\":\"fr-FR\",\"@id\":\"https:\/\/www.oodrive.com\/fr\/demander-une-demo\/oodrive-save\/#primaryimage\",\"url\":\"https:\/\/www.oodrive.com\/wp-content\/uploads\/2026\/05\/illus-save.png\",\"contentUrl\":\"https:\/\/www.oodrive.com\/wp-content\/uploads\/2026\/05\/illus-save.png\"},{\"@type\":\"BreadcrumbList\",\"@id\":\"https:\/\/www.oodrive.com\/fr\/demander-une-demo\/oodrive-save\/#breadcrumb\",\"itemListElement\":[{\"@type\":\"ListItem\",\"position\":1,\"name\":\"Accueil\",\"item\":\"https:\/\/www.oodrive.com\/fr\/\"},{\"@type\":\"ListItem\",\"position\":2,\"name\":\"Demande de d\u00e9mo\",\"item\":\"https:\/\/www.oodrive.com\/es\/solicitar-una-demostracion\/\"},{\"@type\":\"ListItem\",\"position\":3,\"name\":\"Demande de d\u00e9mo &#8211; Oodrive Save\"}]},{\"@type\":\"WebSite\",\"@id\":\"https:\/\/www.oodrive.com\/#website\",\"url\":\"https:\/\/www.oodrive.com\/\",\"name\":\"Oodrive\",\"description\":\"Plateforme souveraine et s\u00e9curis\u00e9e, Oodrive permet de g\u00e9rer vos donn\u00e9es sensibles : partage, signature, sauvegarde et plus encore.\",\"publisher\":{\"@id\":\"https:\/\/www.oodrive.com\/#organization\"},\"potentialAction\":[{\"@type\":\"SearchAction\",\"target\":{\"@type\":\"EntryPoint\",\"urlTemplate\":\"https:\/\/www.oodrive.com\/?s={search_term_string}\"},\"query-input\":{\"@type\":\"PropertyValueSpecification\",\"valueRequired\":true,\"valueName\":\"search_term_string\"}}],\"inLanguage\":\"fr-FR\"},{\"@type\":\"Organization\",\"@id\":\"https:\/\/www.oodrive.com\/#organization\",\"name\":\"Oodrive\",\"url\":\"https:\/\/www.oodrive.com\/\",\"logo\":{\"@type\":\"ImageObject\",\"inLanguage\":\"fr-FR\",\"@id\":\"https:\/\/www.oodrive.com\/#\/schema\/logo\/image\/\",\"url\":\"https:\/\/www.oodrive.com\/wp-content\/uploads\/2021\/12\/oodrive_black_logo.svg\",\"contentUrl\":\"https:\/\/www.oodrive.com\/wp-content\/uploads\/2021\/12\/oodrive_black_logo.svg\",\"width\":132,\"height\":27,\"caption\":\"Oodrive\"},\"image\":{\"@id\":\"https:\/\/www.oodrive.com\/#\/schema\/logo\/image\/\"}}]}<\/script>\n<!-- \/ Yoast SEO plugin. -->","yoast_head_json":{"title":"Demandez votre d\u00e9mo d'Oodrive Save | Oodrive","robots":{"index":"index","follow":"follow","max-snippet":"max-snippet:-1","max-image-preview":"max-image-preview:large","max-video-preview":"max-video-preview:-1"},"og_locale":"fr_FR","og_type":"article","og_title":"Demandez votre d\u00e9mo d'Oodrive Save | Oodrive","og_description":"Sauvegarde de donn\u00e9es Sauvegardez vos donn\u00e9es dans un environnement ultra-s\u00e9curis\u00e9 Restauration des donn\u00e9es Sauvegarde s\u00e9curis\u00e9e Protections ransomware Demandez une d\u00e9mo Un expert vous rappelle pour comprendre vos besoins et r\u00e9pondre \u00e0 toutes vos questions Il semblerait que les param\u00e8tres de votre navigateur emp\u00eachent l&rsquo;affichage de ce formulaire. Pour \u00eatre recontact\u00e9, vous pouvez \u00e9crire \u00e0 Guillaume [&hellip;]","og_url":"https:\/\/www.oodrive.com\/fr\/demander-une-demo\/oodrive-save\/","og_site_name":"Oodrive","article_modified_time":"2026-05-07T13:08:16+00:00","og_image":[{"width":1244,"height":440,"url":"https:\/\/www.oodrive.com\/wp-content\/uploads\/2026\/05\/illus-save.png","type":"image\/png"}],"twitter_card":"summary_large_image","twitter_misc":{"Dur\u00e9e de lecture estim\u00e9e":"2 minutes"},"schema":{"@context":"https:\/\/schema.org","@graph":[{"@type":"WebPage","@id":"https:\/\/www.oodrive.com\/fr\/demander-une-demo\/oodrive-save\/","url":"https:\/\/www.oodrive.com\/fr\/demander-une-demo\/oodrive-save\/","name":"Demandez votre d\u00e9mo d'Oodrive Save | Oodrive","isPartOf":{"@id":"https:\/\/www.oodrive.com\/#website"},"primaryImageOfPage":{"@id":"https:\/\/www.oodrive.com\/fr\/demander-une-demo\/oodrive-save\/#primaryimage"},"image":{"@id":"https:\/\/www.oodrive.com\/fr\/demander-une-demo\/oodrive-save\/#primaryimage"},"thumbnailUrl":"https:\/\/www.oodrive.com\/wp-content\/uploads\/2026\/05\/illus-save.png","datePublished":"2023-10-26T14:45:47+00:00","dateModified":"2026-05-07T13:08:16+00:00","breadcrumb":{"@id":"https:\/\/www.oodrive.com\/fr\/demander-une-demo\/oodrive-save\/#breadcrumb"},"inLanguage":"fr-FR","potentialAction":[{"@type":"ReadAction","target":["https:\/\/www.oodrive.com\/fr\/demander-une-demo\/oodrive-save\/"]}]},{"@type":"ImageObject","inLanguage":"fr-FR","@id":"https:\/\/www.oodrive.com\/fr\/demander-une-demo\/oodrive-save\/#primaryimage","url":"https:\/\/www.oodrive.com\/wp-content\/uploads\/2026\/05\/illus-save.png","contentUrl":"https:\/\/www.oodrive.com\/wp-content\/uploads\/2026\/05\/illus-save.png"},{"@type":"BreadcrumbList","@id":"https:\/\/www.oodrive.com\/fr\/demander-une-demo\/oodrive-save\/#breadcrumb","itemListElement":[{"@type":"ListItem","position":1,"name":"Accueil","item":"https:\/\/www.oodrive.com\/fr\/"},{"@type":"ListItem","position":2,"name":"Demande de d\u00e9mo","item":"https:\/\/www.oodrive.com\/es\/solicitar-una-demostracion\/"},{"@type":"ListItem","position":3,"name":"Demande de d\u00e9mo &#8211; Oodrive Save"}]},{"@type":"WebSite","@id":"https:\/\/www.oodrive.com\/#website","url":"https:\/\/www.oodrive.com\/","name":"Oodrive","description":"Plateforme souveraine et s\u00e9curis\u00e9e, Oodrive permet de g\u00e9rer vos donn\u00e9es sensibles : partage, signature, sauvegarde et plus encore.","publisher":{"@id":"https:\/\/www.oodrive.com\/#organization"},"potentialAction":[{"@type":"SearchAction","target":{"@type":"EntryPoint","urlTemplate":"https:\/\/www.oodrive.com\/?s={search_term_string}"},"query-input":{"@type":"PropertyValueSpecification","valueRequired":true,"valueName":"search_term_string"}}],"inLanguage":"fr-FR"},{"@type":"Organization","@id":"https:\/\/www.oodrive.com\/#organization","name":"Oodrive","url":"https:\/\/www.oodrive.com\/","logo":{"@type":"ImageObject","inLanguage":"fr-FR","@id":"https:\/\/www.oodrive.com\/#\/schema\/logo\/image\/","url":"https:\/\/www.oodrive.com\/wp-content\/uploads\/2021\/12\/oodrive_black_logo.svg","contentUrl":"https:\/\/www.oodrive.com\/wp-content\/uploads\/2021\/12\/oodrive_black_logo.svg","width":132,"height":27,"caption":"Oodrive"},"image":{"@id":"https:\/\/www.oodrive.com\/#\/schema\/logo\/image\/"}}]}},"_links":{"self":[{"href":"https:\/\/www.oodrive.com\/fr\/wp-json\/wp\/v2\/pages\/2139104","targetHints":{"allow":["GET"]}}],"collection":[{"href":"https:\/\/www.oodrive.com\/fr\/wp-json\/wp\/v2\/pages"}],"about":[{"href":"https:\/\/www.oodrive.com\/fr\/wp-json\/wp\/v2\/types\/page"}],"author":[{"embeddable":true,"href":"https:\/\/www.oodrive.com\/fr\/wp-json\/wp\/v2\/users\/9"}],"replies":[{"embeddable":true,"href":"https:\/\/www.oodrive.com\/fr\/wp-json\/wp\/v2\/comments?post=2139104"}],"version-history":[{"count":5,"href":"https:\/\/www.oodrive.com\/fr\/wp-json\/wp\/v2\/pages\/2139104\/revisions"}],"predecessor-version":[{"id":11108500,"href":"https:\/\/www.oodrive.com\/fr\/wp-json\/wp\/v2\/pages\/2139104\/revisions\/11108500"}],"up":[{"embeddable":true,"href":"https:\/\/www.oodrive.com\/fr\/wp-json\/wp\/v2\/pages\/296742"}],"wp:attachment":[{"href":"https:\/\/www.oodrive.com\/fr\/wp-json\/wp\/v2\/media?parent=2139104"}],"curies":[{"name":"wp","href":"https:\/\/api.w.org\/{rel}","templated":true}]}}