{"id":41661,"date":"2021-12-29T08:23:27","date_gmt":"2021-12-29T08:23:27","guid":{"rendered":"https:\/\/www.oodrive.com\/\/legals\/"},"modified":"2025-03-14T08:21:03","modified_gmt":"2025-03-14T08:21:03","slug":"mentions-legales","status":"publish","type":"page","link":"https:\/\/www.oodrive.com\/fr\/mentions-legales\/","title":{"rendered":"Mentions l\u00e9gales"},"content":{"rendered":"\t\t<div data-elementor-type=\"wp-page\" data-elementor-id=\"41661\" class=\"elementor elementor-41661 elementor-575\" data-elementor-post-type=\"page\">\n\t\t\t\t<div class=\"elementor-element elementor-element-c0c95b2 content-page e-flex e-con-boxed e-con e-parent\" data-id=\"c0c95b2\" data-element_type=\"container\" data-e-type=\"container\">\n\t\t\t\t\t<div class=\"e-con-inner\">\n\t\t\t\t<div class=\"elementor-element elementor-element-101ed33 elementor-widget elementor-widget-text-editor\" data-id=\"101ed33\" data-element_type=\"widget\" data-e-type=\"widget\" data-widget_type=\"text-editor.default\">\n\t\t\t\t<div class=\"elementor-widget-container\">\n\t\t\t\t\t\t\t\t\t<h2>\u00c9diteur<\/h2>\n<p>Le site web est accessible \u00e0 l\u2019adresse suivante\u00a0: <a href=\"https:\/\/www.oodrive.com\/\">https:\/\/www.oodrive.com<\/a>, \u00e9dit\u00e9 par la soci\u00e9t\u00e9 Oodrive, soci\u00e9t\u00e9 par actions simplifi\u00e9e, au capital de 309 126 euros, immatricul\u00e9e au Registre du commerce et des soci\u00e9t\u00e9s de Paris, sous le num\u00e9ro 432 735 082, dont le si\u00e8ge social est situ\u00e9 au 26, rue du Faubourg Poissonni\u00e8re, 75010 Paris.<\/p>\n<h2>Pour contacter Oodrive\u00a0:<\/h2>\n<p>Adresse\u00a0: 26 rue du Faubourg Poissonni\u00e8re, 75010 Paris<\/p>\n<p>Num\u00e9ro de t\u00e9l\u00e9phone : 01.46.22.07.00<\/p>\n<p>Mail\u00a0: <a href=\"mailto:privacy@oodrive.com\">privacy@oodrive.com<\/a><\/p>\n<h2>Directeur de publication\u00a0:<\/h2>\n<ol>\n<li>Youri Kielo<\/li>\n<\/ol>\n<h2>H\u00e9bergeur du Site\u00a0:<\/h2>\n<p>Le Site est h\u00e9berg\u00e9 par la soci\u00e9t\u00e9 GANDI SAS<\/p>\n<p>Adresse de l\u2019h\u00e9bergeur\u00a0: 63-65 bd Massena, 75013 Paris<\/p>\n<h2>Utilisation des marques d\u2019Oodrive<\/h2>\n<p>Oodrive a enregistr\u00e9 ses actifs en propri\u00e9t\u00e9 intellectuelle aupr\u00e8s de l\u2019INPI et plus particuli\u00e8rement la marque verbale OODRIVE. L\u2019utilisation de la marque d\u2019Oodrive sans autorisation \u00e9crite pr\u00e9alable sur quelque support que ce soit, en ce compris \u00e0 des fins commerciales, est interdite sous peine de poursuites p\u00e9nales et civiles.<\/p>\t\t\t\t\t\t\t\t<\/div>\n\t\t\t\t<\/div>\n\t\t\t\t\t<\/div>\n\t\t\t\t<\/div>\n\t\t\t\t<\/div>\n\t\t","protected":false},"excerpt":{"rendered":"<p>\u00c9diteur Le site web est accessible \u00e0 l\u2019adresse suivante\u00a0: https:\/\/www.oodrive.com, \u00e9dit\u00e9 par la soci\u00e9t\u00e9 Oodrive, soci\u00e9t\u00e9 par actions simplifi\u00e9e, au capital de 309 126 euros, immatricul\u00e9e au Registre du commerce et des soci\u00e9t\u00e9s de Paris, sous le num\u00e9ro 432 735 082, dont le si\u00e8ge social est situ\u00e9 au 26, rue du Faubourg Poissonni\u00e8re, 75010 Paris. [&hellip;]<\/p>\n","protected":false},"author":9,"featured_media":0,"parent":0,"menu_order":0,"comment_status":"closed","ping_status":"closed","template":"","meta":{"inline_featured_image":false,"footnotes":""},"class_list":["post-41661","page","type-page","status-publish","hentry"],"yoast_head":"<!-- This site is optimized with the Yoast SEO plugin v26.9 - https:\/\/yoast.com\/product\/yoast-seo-wordpress\/ -->\n<title>Mentions l\u00e9gales | Oodrive<\/title>\n<meta name=\"robots\" content=\"index, follow, max-snippet:-1, max-image-preview:large, max-video-preview:-1\" \/>\n<meta property=\"og:locale\" content=\"fr_FR\" \/>\n<meta property=\"og:type\" content=\"article\" \/>\n<meta property=\"og:title\" content=\"Mentions l\u00e9gales | Oodrive\" \/>\n<meta property=\"og:description\" content=\"\u00c9diteur Le site web est accessible \u00e0 l\u2019adresse suivante\u00a0: https:\/\/www.oodrive.com, \u00e9dit\u00e9 par la soci\u00e9t\u00e9 Oodrive, soci\u00e9t\u00e9 par actions simplifi\u00e9e, au capital de 309 126 euros, immatricul\u00e9e au Registre du commerce et des soci\u00e9t\u00e9s de Paris, sous le num\u00e9ro 432 735 082, dont le si\u00e8ge social est situ\u00e9 au 26, rue du Faubourg Poissonni\u00e8re, 75010 Paris. [&hellip;]\" \/>\n<meta property=\"og:url\" content=\"https:\/\/www.oodrive.com\/fr\/mentions-legales\/\" \/>\n<meta property=\"og:site_name\" content=\"Oodrive\" \/>\n<meta property=\"article:modified_time\" content=\"2025-03-14T08:21:03+00:00\" \/>\n<meta name=\"twitter:card\" content=\"summary_large_image\" \/>\n<meta name=\"twitter:label1\" content=\"Dur\u00e9e de lecture estim\u00e9e\" \/>\n\t<meta name=\"twitter:data1\" content=\"1 minute\" \/>\n<script type=\"application\/ld+json\" class=\"yoast-schema-graph\">{\"@context\":\"https:\/\/schema.org\",\"@graph\":[{\"@type\":\"WebPage\",\"@id\":\"https:\/\/www.oodrive.com\/fr\/mentions-legales\/\",\"url\":\"https:\/\/www.oodrive.com\/fr\/mentions-legales\/\",\"name\":\"Mentions l\u00e9gales | Oodrive\",\"isPartOf\":{\"@id\":\"https:\/\/www.oodrive.com\/#website\"},\"datePublished\":\"2021-12-29T08:23:27+00:00\",\"dateModified\":\"2025-03-14T08:21:03+00:00\",\"breadcrumb\":{\"@id\":\"https:\/\/www.oodrive.com\/fr\/mentions-legales\/#breadcrumb\"},\"inLanguage\":\"fr-FR\",\"potentialAction\":[{\"@type\":\"ReadAction\",\"target\":[\"https:\/\/www.oodrive.com\/fr\/mentions-legales\/\"]}]},{\"@type\":\"BreadcrumbList\",\"@id\":\"https:\/\/www.oodrive.com\/fr\/mentions-legales\/#breadcrumb\",\"itemListElement\":[{\"@type\":\"ListItem\",\"position\":1,\"name\":\"Accueil\",\"item\":\"https:\/\/www.oodrive.com\/es\/\"},{\"@type\":\"ListItem\",\"position\":2,\"name\":\"Mentions l\u00e9gales\"}]},{\"@type\":\"WebSite\",\"@id\":\"https:\/\/www.oodrive.com\/#website\",\"url\":\"https:\/\/www.oodrive.com\/\",\"name\":\"Oodrive\",\"description\":\"Plateforme souveraine et s\u00e9curis\u00e9e, Oodrive permet de g\u00e9rer vos donn\u00e9es sensibles : partage, signature, sauvegarde et plus encore.\",\"publisher\":{\"@id\":\"https:\/\/www.oodrive.com\/#organization\"},\"potentialAction\":[{\"@type\":\"SearchAction\",\"target\":{\"@type\":\"EntryPoint\",\"urlTemplate\":\"https:\/\/www.oodrive.com\/?s={search_term_string}\"},\"query-input\":{\"@type\":\"PropertyValueSpecification\",\"valueRequired\":true,\"valueName\":\"search_term_string\"}}],\"inLanguage\":\"fr-FR\"},{\"@type\":\"Organization\",\"@id\":\"https:\/\/www.oodrive.com\/#organization\",\"name\":\"Oodrive\",\"url\":\"https:\/\/www.oodrive.com\/\",\"logo\":{\"@type\":\"ImageObject\",\"inLanguage\":\"fr-FR\",\"@id\":\"https:\/\/www.oodrive.com\/#\/schema\/logo\/image\/\",\"url\":\"https:\/\/www.oodrive.com\/wp-content\/uploads\/2021\/12\/oodrive_black_logo.svg\",\"contentUrl\":\"https:\/\/www.oodrive.com\/wp-content\/uploads\/2021\/12\/oodrive_black_logo.svg\",\"width\":132,\"height\":27,\"caption\":\"Oodrive\"},\"image\":{\"@id\":\"https:\/\/www.oodrive.com\/#\/schema\/logo\/image\/\"}}]}<\/script>\n<!-- \/ Yoast SEO plugin. -->","yoast_head_json":{"title":"Mentions l\u00e9gales | Oodrive","robots":{"index":"index","follow":"follow","max-snippet":"max-snippet:-1","max-image-preview":"max-image-preview:large","max-video-preview":"max-video-preview:-1"},"og_locale":"fr_FR","og_type":"article","og_title":"Mentions l\u00e9gales | Oodrive","og_description":"\u00c9diteur Le site web est accessible \u00e0 l\u2019adresse suivante\u00a0: https:\/\/www.oodrive.com, \u00e9dit\u00e9 par la soci\u00e9t\u00e9 Oodrive, soci\u00e9t\u00e9 par actions simplifi\u00e9e, au capital de 309 126 euros, immatricul\u00e9e au Registre du commerce et des soci\u00e9t\u00e9s de Paris, sous le num\u00e9ro 432 735 082, dont le si\u00e8ge social est situ\u00e9 au 26, rue du Faubourg Poissonni\u00e8re, 75010 Paris. [&hellip;]","og_url":"https:\/\/www.oodrive.com\/fr\/mentions-legales\/","og_site_name":"Oodrive","article_modified_time":"2025-03-14T08:21:03+00:00","twitter_card":"summary_large_image","twitter_misc":{"Dur\u00e9e de lecture estim\u00e9e":"1 minute"},"schema":{"@context":"https:\/\/schema.org","@graph":[{"@type":"WebPage","@id":"https:\/\/www.oodrive.com\/fr\/mentions-legales\/","url":"https:\/\/www.oodrive.com\/fr\/mentions-legales\/","name":"Mentions l\u00e9gales | Oodrive","isPartOf":{"@id":"https:\/\/www.oodrive.com\/#website"},"datePublished":"2021-12-29T08:23:27+00:00","dateModified":"2025-03-14T08:21:03+00:00","breadcrumb":{"@id":"https:\/\/www.oodrive.com\/fr\/mentions-legales\/#breadcrumb"},"inLanguage":"fr-FR","potentialAction":[{"@type":"ReadAction","target":["https:\/\/www.oodrive.com\/fr\/mentions-legales\/"]}]},{"@type":"BreadcrumbList","@id":"https:\/\/www.oodrive.com\/fr\/mentions-legales\/#breadcrumb","itemListElement":[{"@type":"ListItem","position":1,"name":"Accueil","item":"https:\/\/www.oodrive.com\/es\/"},{"@type":"ListItem","position":2,"name":"Mentions l\u00e9gales"}]},{"@type":"WebSite","@id":"https:\/\/www.oodrive.com\/#website","url":"https:\/\/www.oodrive.com\/","name":"Oodrive","description":"Plateforme souveraine et s\u00e9curis\u00e9e, Oodrive permet de g\u00e9rer vos donn\u00e9es sensibles : partage, signature, sauvegarde et plus encore.","publisher":{"@id":"https:\/\/www.oodrive.com\/#organization"},"potentialAction":[{"@type":"SearchAction","target":{"@type":"EntryPoint","urlTemplate":"https:\/\/www.oodrive.com\/?s={search_term_string}"},"query-input":{"@type":"PropertyValueSpecification","valueRequired":true,"valueName":"search_term_string"}}],"inLanguage":"fr-FR"},{"@type":"Organization","@id":"https:\/\/www.oodrive.com\/#organization","name":"Oodrive","url":"https:\/\/www.oodrive.com\/","logo":{"@type":"ImageObject","inLanguage":"fr-FR","@id":"https:\/\/www.oodrive.com\/#\/schema\/logo\/image\/","url":"https:\/\/www.oodrive.com\/wp-content\/uploads\/2021\/12\/oodrive_black_logo.svg","contentUrl":"https:\/\/www.oodrive.com\/wp-content\/uploads\/2021\/12\/oodrive_black_logo.svg","width":132,"height":27,"caption":"Oodrive"},"image":{"@id":"https:\/\/www.oodrive.com\/#\/schema\/logo\/image\/"}}]}},"_links":{"self":[{"href":"https:\/\/www.oodrive.com\/fr\/wp-json\/wp\/v2\/pages\/41661","targetHints":{"allow":["GET"]}}],"collection":[{"href":"https:\/\/www.oodrive.com\/fr\/wp-json\/wp\/v2\/pages"}],"about":[{"href":"https:\/\/www.oodrive.com\/fr\/wp-json\/wp\/v2\/types\/page"}],"author":[{"embeddable":true,"href":"https:\/\/www.oodrive.com\/fr\/wp-json\/wp\/v2\/users\/9"}],"replies":[{"embeddable":true,"href":"https:\/\/www.oodrive.com\/fr\/wp-json\/wp\/v2\/comments?post=41661"}],"version-history":[{"count":0,"href":"https:\/\/www.oodrive.com\/fr\/wp-json\/wp\/v2\/pages\/41661\/revisions"}],"wp:attachment":[{"href":"https:\/\/www.oodrive.com\/fr\/wp-json\/wp\/v2\/media?parent=41661"}],"curies":[{"name":"wp","href":"https:\/\/api.w.org\/{rel}","templated":true}]}}