{"id":6769550,"date":"2025-02-27T16:02:31","date_gmt":"2025-02-27T16:02:31","guid":{"rendered":"https:\/\/www.oodrive.com\/?page_id=6769550"},"modified":"2025-03-17T17:15:54","modified_gmt":"2025-03-17T17:15:54","slug":"declaration-accessibilite","status":"publish","type":"page","link":"https:\/\/www.oodrive.com\/fr\/declaration-accessibilite\/","title":{"rendered":"D\u00e9claration d&rsquo;accessibilit\u00e9 &#8211; Oodrive Sign"},"content":{"rendered":"\t\t<div data-elementor-type=\"wp-page\" data-elementor-id=\"6769550\" class=\"elementor elementor-6769550\" data-elementor-post-type=\"page\">\n\t\t\t\t<div class=\"elementor-element elementor-element-6d1c624a e-flex e-con-boxed e-con e-parent\" data-id=\"6d1c624a\" data-element_type=\"container\" data-e-type=\"container\" data-settings=\"{&quot;background_background&quot;:&quot;classic&quot;}\">\n\t\t\t\t\t<div class=\"e-con-inner\">\n\t\t\t\t<div class=\"elementor-element elementor-element-2a78f00c elementor-widget elementor-widget-heading\" data-id=\"2a78f00c\" data-element_type=\"widget\" data-e-type=\"widget\" data-widget_type=\"heading.default\">\n\t\t\t\t<div class=\"elementor-widget-container\">\n\t\t\t\t\t<h1 class=\"elementor-heading-title elementor-size-default\">D\u00e9claration d'accessibilit\u00e9<\/h1>\t\t\t\t<\/div>\n\t\t\t\t<\/div>\n\t\t\t\t<div class=\"elementor-element elementor-element-13b791a0 elementor-tablet-align-left elementor-mobile-align-left elementor-widget elementor-widget-button\" data-id=\"13b791a0\" data-element_type=\"widget\" data-e-type=\"widget\" data-widget_type=\"button.default\">\n\t\t\t\t<div class=\"elementor-widget-container\">\n\t\t\t\t\t\t\t\t\t<div class=\"elementor-button-wrapper\">\n\t\t\t\t\t<a class=\"elementor-button elementor-button-link elementor-size-sm\" href=\"#contenu\">\n\t\t\t\t\t\t<span class=\"elementor-button-content-wrapper\">\n\t\t\t\t\t\t<span class=\"elementor-button-icon\">\n\t\t\t\t<svg xmlns=\"http:\/\/www.w3.org\/2000\/svg\" width=\"12\" height=\"12\" viewBox=\"0 0 12 12\" fill=\"none\"><path d=\"M11.5454 1.77344C11.5454 1.22115 11.0977 0.773438 10.5454 0.773438H1.54541C0.993126 0.773438 0.54541 1.22115 0.54541 1.77344C0.54541 2.32572 0.993126 2.77344 1.54541 2.77344H9.54541V10.7734C9.54541 11.3257 9.99313 11.7734 10.5454 11.7734C11.0977 11.7734 11.5454 11.3257 11.5454 10.7734V1.77344ZM2.02595 11.7071L11.2525 2.48054L9.8383 1.06633L0.611741 10.2929L2.02595 11.7071Z\" fill=\"white\"><\/path><\/svg>\t\t\t<\/span>\n\t\t\t\t\t\t\t\t\t<span class=\"elementor-button-text\">En savoir plus<\/span>\n\t\t\t\t\t<\/span>\n\t\t\t\t\t<\/a>\n\t\t\t\t<\/div>\n\t\t\t\t\t\t\t\t<\/div>\n\t\t\t\t<\/div>\n\t\t\t\t\t<\/div>\n\t\t\t\t<\/div>\n\t\t<div class=\"elementor-element elementor-element-2501d9f wrapper-content-conditon-generales-signature e-flex e-con-boxed e-con e-parent\" data-id=\"2501d9f\" data-element_type=\"container\" data-e-type=\"container\" id=\"contenu\">\n\t\t\t\t\t<div class=\"e-con-inner\">\n\t\t<div class=\"elementor-element elementor-element-3f9db8fe e-con-full sommaire-condition-generale-signature elementor-hidden-mobile e-flex e-con e-child\" data-id=\"3f9db8fe\" data-element_type=\"container\" data-e-type=\"container\" data-settings=\"{&quot;sticky&quot;:&quot;top&quot;,&quot;sticky_on&quot;:[&quot;desktop&quot;,&quot;tablet&quot;],&quot;sticky_offset&quot;:80,&quot;sticky_parent&quot;:&quot;yes&quot;,&quot;animation&quot;:&quot;none&quot;,&quot;sticky_effects_offset&quot;:0,&quot;sticky_anchor_link_offset&quot;:0}\">\n\t\t\t\t<div class=\"elementor-element elementor-element-34362710 elementor-widget elementor-widget-text-editor\" data-id=\"34362710\" data-element_type=\"widget\" data-e-type=\"widget\" data-widget_type=\"text-editor.default\">\n\t\t\t\t<div class=\"elementor-widget-container\">\n\t\t\t\t\t\t\t\t\t<ol><li><a href=\"#section-1\">\u00c9tat de conformit\u00e9<\/a><\/li><li><a href=\"#section-2\">R\u00e9sultats des tests<\/a><\/li><li><a href=\"#section-3\">Contenus non accessibles<\/a><\/li><li><a href=\"#section-4\">\u00c9tablissement de cette d\u00e9claration d\u2019accessibilit\u00e9<\/a><\/li><li><a href=\"#section-5\">Technologies utilis\u00e9es pour la r\u00e9alisation du site<\/a><\/li><li><a href=\"#section-6\">Environnement de test<\/a><\/li><li><a href=\"#section-7\">Outils pour \u00e9valuer l\u2019accessibilit\u00e9<\/a><\/li><li><a href=\"#section-8\">Pages du site ayant fait l\u2019objet de la v\u00e9rification de conformit\u00e9<\/a><\/li><li><a href=\"#section-9\">Retour d\u2019information et contact<\/a><\/li><li><a href=\"#section-10\">Voies de recours<\/a><\/li><\/ol>\t\t\t\t\t\t\t\t<\/div>\n\t\t\t\t<\/div>\n\t\t\t\t<\/div>\n\t\t<div class=\"elementor-element elementor-element-74262bcd e-con-full sommaire-condition-generale-signature elementor-hidden-desktop elementor-hidden-tablet e-flex e-con e-child\" data-id=\"74262bcd\" data-element_type=\"container\" data-e-type=\"container\" data-settings=\"{&quot;sticky&quot;:&quot;top&quot;,&quot;sticky_on&quot;:[&quot;desktop&quot;,&quot;tablet&quot;],&quot;sticky_offset&quot;:80,&quot;sticky_parent&quot;:&quot;yes&quot;,&quot;animation&quot;:&quot;none&quot;,&quot;sticky_effects_offset&quot;:0,&quot;sticky_anchor_link_offset&quot;:0}\">\n\t\t\t\t<div class=\"elementor-element elementor-element-103ad762 elementor-widget elementor-widget-text-editor\" data-id=\"103ad762\" data-element_type=\"widget\" data-e-type=\"widget\" data-widget_type=\"text-editor.default\">\n\t\t\t\t<div class=\"elementor-widget-container\">\n\t\t\t\t\t\t\t\t\t<ol>\n \t<li><a href=\"#section-1\">\u00c9tat de conformit\u00e9<\/a><\/li>\n \t<li><a href=\"#section-2\">R\u00e9sultats des tests<\/a><\/li>\n \t<li><a href=\"#section-3\">Contenus non accessibles<\/a><\/li>\n \t<li><a href=\"#section-4\">\u00c9tablissement de cette d\u00e9claration d\u2019accessibilit\u00e9<\/a><\/li>\n \t<li><a href=\"#section-5\">Technologies utilis\u00e9es pour la r\u00e9alisation du site<\/a><\/li>\n \t<li><a href=\"#section-6\">Environnement de test<\/a><\/li>\n \t<li><a href=\"#section-7\">Outils pour \u00e9valuer l\u2019accessibilit\u00e9<\/a><\/li>\n \t<li><a href=\"#section-8\">Pages du site ayant fait l\u2019objet de la v\u00e9rification de conformit\u00e9<\/a><\/li>\n \t<li><a href=\"#section-9\">Retour d\u2019information et contact<\/a><\/li>\n \t<li><a href=\"#section-10\">Voies de recours<\/a><\/li>\n<\/ol>\t\t\t\t\t\t\t\t<\/div>\n\t\t\t\t<\/div>\n\t\t\t\t<\/div>\n\t\t<main class=\"elementor-element elementor-element-673693cf e-con-full content-condition-generale-signature e-flex e-con e-child\" data-id=\"673693cf\" data-element_type=\"container\" data-e-type=\"container\">\n\t\t\t\t<div class=\"elementor-element elementor-element-2a82d438 elementor-widget elementor-widget-text-editor\" data-id=\"2a82d438\" data-element_type=\"widget\" data-e-type=\"widget\" data-widget_type=\"text-editor.default\">\n\t\t\t\t<div class=\"elementor-widget-container\">\n\t\t\t\t\t\t\t\t\t<p>Cette d\u00e9claration d\u2019accessibilit\u00e9 s\u2019applique \u00e0 <a href=\"https:\/\/sirius.calindasoftware.com\/calinda\/sellandsign\/#\/selectcontract\" target=\"_blank\" rel=\"noopener\">la solution Oodrive Sign.<\/a><\/p>\t\t\t\t\t\t\t\t<\/div>\n\t\t\t\t<\/div>\n\t\t\t\t<div class=\"elementor-element elementor-element-23387574 elementor-widget elementor-widget-text-editor\" data-id=\"23387574\" data-element_type=\"widget\" data-e-type=\"widget\" id=\"section-1\" data-widget_type=\"text-editor.default\">\n\t\t\t\t<div class=\"elementor-widget-container\">\n\t\t\t\t\t\t\t\t\t<h2 class=\"wp-block-heading\">\u00c9tat de conformit\u00e9<\/h2><p><a href=\"https:\/\/sirius.calindasoftware.com\/calinda\/sellandsign\/#\/selectcontract\" target=\"_blank\" rel=\"noopener\">La solution Oodrive Sign<\/a> est en conformit\u00e9 partielle avec le r\u00e9f\u00e9rentiel g\u00e9n\u00e9ral d\u2019am\u00e9lioration de l\u2019accessibilit\u00e9 (RGAA), version 4.1.2 en raison des non-conformit\u00e9s et des d\u00e9rogations \u00e9num\u00e9r\u00e9es ci-dessous.<\/p>\t\t\t\t\t\t\t\t<\/div>\n\t\t\t\t<\/div>\n\t\t\t\t<div class=\"elementor-element elementor-element-4be4d085 elementor-widget elementor-widget-text-editor\" data-id=\"4be4d085\" data-element_type=\"widget\" data-e-type=\"widget\" id=\"section-2\" data-widget_type=\"text-editor.default\">\n\t\t\t\t<div class=\"elementor-widget-container\">\n\t\t\t\t\t\t\t\t\t<h2 class=\"wp-block-heading\">R\u00e9sultats des tests<\/h2><p>L\u2019audit de conformit\u00e9 r\u00e9alis\u00e9 par Urbilog r\u00e9v\u00e8le que\u00a0:<\/p><ul><li>80% des crit\u00e8res du RGAA version 4.1.2 sont respect\u00e9s.<\/li><li>Le taux moyen de conformit\u00e9 du service en ligne est de 91%.<br \/><br \/><\/li><\/ul><p>Nombre de crit\u00e8res applicables\u00a0: 61<br \/>Nombre de crit\u00e8res conformes\u00a0: 49<br \/>Nombre de crit\u00e8res non conformes\u00a0: 12<\/p>\t\t\t\t\t\t\t\t<\/div>\n\t\t\t\t<\/div>\n\t\t\t\t<div class=\"elementor-element elementor-element-48254d47 elementor-widget elementor-widget-text-editor\" data-id=\"48254d47\" data-element_type=\"widget\" data-e-type=\"widget\" id=\"section-3\" data-widget_type=\"text-editor.default\">\n\t\t\t\t<div class=\"elementor-widget-container\">\n\t\t\t\t\t\t\t\t\t<h2 class=\"wp-block-heading\">Contenus non accessibles<\/h2><p>Les contenus list\u00e9s ci-dessous ne sont pas accessibles pour les raisons suivantes\u00a0:<\/p><h3>Non conformit\u00e9s<\/h3><ol><li><strong>Images :<\/strong> RAS<\/li><li><strong>Cadres :<\/strong> RAS<\/li><li><strong>Couleurs :<\/strong>\u00a0Contraste inf\u00e9rieur \u00e0 3:1 entre un composant d\u2019interface et son arri\u00e8re-plan<\/li><li><strong> Multim\u00e9dia :\u00a0<\/strong>RAS<\/li><li><strong>Tableaux :\u00a0<\/strong>RAS<\/li><li><strong>Liens :\u00a0<\/strong>RAS<\/li><li><strong>Scripts :\u00a0<\/strong><ul><li>Bouton switch customis\u00e9 interagissant mal avec la synth\u00e8se vocale<\/li><li>Menu simple interagissant mal avec la synth\u00e8se vocale<\/li><li>Menu simple non utilisable au clavier<\/li><\/ul><\/li><li><strong>\u00c9l\u00e9ments obligatoires :\u00a0<\/strong><ul><li>Pr\u00e9sence d\u2019erreurs de validation<\/li><li>\u00c9l\u00e9ment html utilis\u00e9 \u00e0 des fins de pr\u00e9sentation<\/li><\/ul><\/li><li><strong>Structuration de l&rsquo;information<\/strong><ul><li>Structure du document non coh\u00e9rente<\/li><\/ul><\/li><li><strong>Pr\u00e9sentation de l&rsquo;information<\/strong><ul><li>Prise de focus pas assez perceptible<\/li><li>Contenu tronqu\u00e9 en affichage en largeur de 320 pixels<\/li><li>Contenu additionnel non contr\u00f4lable par l&rsquo;utilisateur<\/li><\/ul><\/li><li><strong>Formulaires : <\/strong>RAS<\/li><li><p><strong>Navigation<\/strong><\/p><ul><li>Absence de syst\u00e8mes de navigation<\/li><li>Absence d\u2019un lien d\u2019\u00e9vitement<\/li><\/ul><\/li><li><p><strong>Consultation<\/strong><\/p><ul><li>Action imposant la r\u00e9alisation d\u2019un geste complexe<\/li><\/ul><\/li><\/ol>\t\t\t\t\t\t\t\t<\/div>\n\t\t\t\t<\/div>\n\t\t\t\t<div class=\"elementor-element elementor-element-455ddf46 elementor-widget elementor-widget-text-editor\" data-id=\"455ddf46\" data-element_type=\"widget\" data-e-type=\"widget\" id=\"section-4\" data-widget_type=\"text-editor.default\">\n\t\t\t\t<div class=\"elementor-widget-container\">\n\t\t\t\t\t\t\t\t\t<h2 class=\"wp-block-heading\">\u00c9tablissement de cette d\u00e9claration d\u2019accessibilit\u00e9<\/h2><p>Cette d\u00e9claration d\u2019accessibilit\u00e9 a \u00e9t\u00e9 \u00e9tablie le 18 novembre 2024<\/p>\t\t\t\t\t\t\t\t<\/div>\n\t\t\t\t<\/div>\n\t\t\t\t<div class=\"elementor-element elementor-element-51e263b3 elementor-widget elementor-widget-text-editor\" data-id=\"51e263b3\" data-element_type=\"widget\" data-e-type=\"widget\" id=\"section-5\" data-widget_type=\"text-editor.default\">\n\t\t\t\t<div class=\"elementor-widget-container\">\n\t\t\t\t\t\t\t\t\t<h2 class=\"wp-block-heading\">Technologies utilis\u00e9es pour la r\u00e9alisation du site<\/h2><ul><li>HTML 5<\/li><li>CSS<\/li><li>Javascript<\/li><\/ul>\t\t\t\t\t\t\t\t<\/div>\n\t\t\t\t<\/div>\n\t\t\t\t<div class=\"elementor-element elementor-element-2e483abc elementor-widget elementor-widget-text-editor\" data-id=\"2e483abc\" data-element_type=\"widget\" data-e-type=\"widget\" id=\"section-6\" data-widget_type=\"text-editor.default\">\n\t\t\t\t<div class=\"elementor-widget-container\">\n\t\t\t\t\t\t\t\t\t<h2 class=\"wp-block-heading\">Environnement de test<\/h2><p>Les v\u00e9rifications de restitution de contenus ont \u00e9t\u00e9 r\u00e9alis\u00e9es sur la base de la combinaison fournie par la base de r\u00e9f\u00e9rence du RGAA 4.1.2, avec les versions suivantes\u00a0:<\/p><ul><li>NVDA 2021.2 et Firefox 98<\/li><li>VoiceOver Mac OS 12.2 et Safari 15.3<\/li><\/ul>\t\t\t\t\t\t\t\t<\/div>\n\t\t\t\t<\/div>\n\t\t\t\t<div class=\"elementor-element elementor-element-43f4d776 elementor-widget elementor-widget-text-editor\" data-id=\"43f4d776\" data-element_type=\"widget\" data-e-type=\"widget\" id=\"section-7\" data-widget_type=\"text-editor.default\">\n\t\t\t\t<div class=\"elementor-widget-container\">\n\t\t\t\t\t\t\t\t\t<h2 class=\"wp-block-heading\">Outils pour \u00e9valuer l\u2019accessibilit\u00e9<\/h2><ul><li>Barre extension de contr\u00f4le de taux de contraste WCAG Color Contrast Checker<\/li><li>Barre extension Assistant RGAA V4.1.2 Comp\u00e9thance<\/li><li>Barre extension Web Developer toolbar<\/li><li>Inspecteur du navigateur<\/li><li>UserCSS\/Stylus<\/li><\/ul>\t\t\t\t\t\t\t\t<\/div>\n\t\t\t\t<\/div>\n\t\t\t\t<div class=\"elementor-element elementor-element-d4ab6cb elementor-widget elementor-widget-text-editor\" data-id=\"d4ab6cb\" data-element_type=\"widget\" data-e-type=\"widget\" id=\"section-8\" data-widget_type=\"text-editor.default\">\n\t\t\t\t<div class=\"elementor-widget-container\">\n\t\t\t\t\t\t\t\t\t<h2 class=\"wp-block-heading\">Pages du site ayant fait l\u2019objet de la v\u00e9rification de conformit\u00e9<\/h2><ul><li>Connexion<\/li><li>Accueil<\/li><li>Menu lat\u00e9ral<\/li><li>Annuaire signataire &#8211; Cr\u00e9er\/ modifier \/ rechercher un signataire<\/li><li>Faire signer un document: Etape 1 &#8211; Ajouter document<\/li><li>Faire signer un document: Etape 2 &#8211; personnaliser document ( ajouter un smartField)<\/li><li>Faire signer un document: Etape 3 &#8211; g\u00e9rer les signatures<\/li><li>Faire signer un document: Etape 3<\/li><li>Doc en cours de signature &#8211; Etape 4<\/li><li>Lire et signer document (signature \u00e0 distance mail + sms)<\/li><li>Lire et signer document (signer en face \u00e0 face)<\/li><li>Lire et signer document avec collecte de donn\u00e9es dans document<\/li><li>Conditions g\u00e9nerales de vente<\/li><li>Mes documents &#8211; vue liste<\/li><li>Mes documents &#8211; vue carte<\/li><\/ul>\t\t\t\t\t\t\t\t<\/div>\n\t\t\t\t<\/div>\n\t\t\t\t<div class=\"elementor-element elementor-element-1625970f elementor-widget elementor-widget-text-editor\" data-id=\"1625970f\" data-element_type=\"widget\" data-e-type=\"widget\" id=\"section-9\" data-widget_type=\"text-editor.default\">\n\t\t\t\t<div class=\"elementor-widget-container\">\n\t\t\t\t\t\t\t\t\t<h2 class=\"wp-block-heading\">Retour d\u2019information et contact<\/h2><p>Si vous n\u2019arrivez pas \u00e0 acc\u00e9der \u00e0 un contenu ou \u00e0 un service, vous pouvez contacter le responsable de l\u2019accessibilit\u00e9 Marie-C\u00e9line Plourin pour \u00eatre orient\u00e9 vers une alternative accessible ou obtenir le contenu sous une autre forme.<\/p><ul><li>Envoyer un message \u00e0 l&#8217;email suivant :\u00a0<a href=\"mailto:support-sign@oodrive.com\">support-sign@oodrive.com<\/a><\/li><\/ul>\t\t\t\t\t\t\t\t<\/div>\n\t\t\t\t<\/div>\n\t\t\t\t<div class=\"elementor-element elementor-element-1b057341 elementor-widget elementor-widget-text-editor\" data-id=\"1b057341\" data-element_type=\"widget\" data-e-type=\"widget\" id=\"section-10\" data-widget_type=\"text-editor.default\">\n\t\t\t\t<div class=\"elementor-widget-container\">\n\t\t\t\t\t\t\t\t\t<h2 class=\"wp-block-heading\">Voies de recours<\/h2><p>Cette proc\u00e9dure est \u00e0 utiliser dans le cas suivant. Vous avez signal\u00e9 au responsable du site internet un d\u00e9faut d\u2019accessibilit\u00e9 qui vous emp\u00eache d\u2019acc\u00e9der \u00e0 un contenu ou \u00e0 un des services du portail et vous n\u2019avez pas obtenu de r\u00e9ponse satisfaisante.<\/p><ul><li>\u00c9crire un message au D\u00e9fenseur des droits [<a href=\"https:\/\/formulaire.defenseurdesdroits.fr\/\" target=\"_blank\" rel=\"noopener\">https:\/\/formulaire.defenseurdesdroits.fr\/<\/a>]<\/li><li>Contacter le d\u00e9l\u00e9gu\u00e9 du D\u00e9fenseur des droits dans votre r\u00e9gion [<a href=\"https:\/\/www.defenseurdesdroits.fr\/saisir\/delegues\" target=\"_blank\" rel=\"noopener\">https:\/\/www.defenseurdesdroits.fr\/saisir\/delegues<\/a>]<\/li><li>Envoyer un courrier par la poste (gratuit, ne pas mettre de timbre)\u00a0: D\u00e9fenseur des droits Libre r\u00e9ponse 71120 75342 Paris CEDEX 07<\/li><\/ul>\t\t\t\t\t\t\t\t<\/div>\n\t\t\t\t<\/div>\n\t\t\t\t<\/main>\n\t\t\t\t\t<\/div>\n\t\t\t\t<\/div>\n\t\t\t\t<\/div>\n\t\t","protected":false},"excerpt":{"rendered":"<p>D\u00e9claration d&rsquo;accessibilit\u00e9 En savoir plus \u00c9tat de conformit\u00e9 R\u00e9sultats des tests Contenus non accessibles \u00c9tablissement de cette d\u00e9claration d\u2019accessibilit\u00e9 Technologies utilis\u00e9es pour la r\u00e9alisation du site Environnement de test Outils pour \u00e9valuer l\u2019accessibilit\u00e9 Pages du site ayant fait l\u2019objet de la v\u00e9rification de conformit\u00e9 Retour d\u2019information et contact Voies de recours \u00c9tat de conformit\u00e9 R\u00e9sultats [&hellip;]<\/p>\n","protected":false},"author":9,"featured_media":0,"parent":0,"menu_order":0,"comment_status":"closed","ping_status":"closed","template":"elementor_header_footer","meta":{"inline_featured_image":false,"footnotes":""},"class_list":["post-6769550","page","type-page","status-publish","hentry"],"yoast_head":"<!-- This site is optimized with the Yoast SEO plugin v26.9 - https:\/\/yoast.com\/product\/yoast-seo-wordpress\/ -->\n<title>D\u00e9claration d&#039;accessibilit\u00e9 - Oodrive Sign - Oodrive<\/title>\n<meta name=\"robots\" content=\"index, follow, max-snippet:-1, max-image-preview:large, max-video-preview:-1\" \/>\n<meta property=\"og:locale\" content=\"fr_FR\" \/>\n<meta property=\"og:type\" content=\"article\" \/>\n<meta property=\"og:title\" content=\"D\u00e9claration d&#039;accessibilit\u00e9 - Oodrive Sign - Oodrive\" \/>\n<meta property=\"og:description\" content=\"D\u00e9claration d&rsquo;accessibilit\u00e9 En savoir plus \u00c9tat de conformit\u00e9 R\u00e9sultats des tests Contenus non accessibles \u00c9tablissement de cette d\u00e9claration d\u2019accessibilit\u00e9 Technologies utilis\u00e9es pour la r\u00e9alisation du site Environnement de test Outils pour \u00e9valuer l\u2019accessibilit\u00e9 Pages du site ayant fait l\u2019objet de la v\u00e9rification de conformit\u00e9 Retour d\u2019information et contact Voies de recours \u00c9tat de conformit\u00e9 R\u00e9sultats [&hellip;]\" \/>\n<meta property=\"og:url\" content=\"https:\/\/www.oodrive.com\/fr\/declaration-accessibilite\/\" \/>\n<meta property=\"og:site_name\" content=\"Oodrive\" \/>\n<meta property=\"article:modified_time\" content=\"2025-03-17T17:15:54+00:00\" \/>\n<meta name=\"twitter:card\" content=\"summary_large_image\" \/>\n<meta name=\"twitter:label1\" content=\"Dur\u00e9e de lecture estim\u00e9e\" \/>\n\t<meta name=\"twitter:data1\" content=\"4 minutes\" \/>\n<script type=\"application\/ld+json\" class=\"yoast-schema-graph\">{\"@context\":\"https:\/\/schema.org\",\"@graph\":[{\"@type\":\"WebPage\",\"@id\":\"https:\/\/www.oodrive.com\/fr\/declaration-accessibilite\/\",\"url\":\"https:\/\/www.oodrive.com\/fr\/declaration-accessibilite\/\",\"name\":\"D\u00e9claration d'accessibilit\u00e9 - Oodrive Sign - Oodrive\",\"isPartOf\":{\"@id\":\"https:\/\/www.oodrive.com\/#website\"},\"datePublished\":\"2025-02-27T16:02:31+00:00\",\"dateModified\":\"2025-03-17T17:15:54+00:00\",\"breadcrumb\":{\"@id\":\"https:\/\/www.oodrive.com\/fr\/declaration-accessibilite\/#breadcrumb\"},\"inLanguage\":\"fr-FR\",\"potentialAction\":[{\"@type\":\"ReadAction\",\"target\":[\"https:\/\/www.oodrive.com\/fr\/declaration-accessibilite\/\"]}]},{\"@type\":\"BreadcrumbList\",\"@id\":\"https:\/\/www.oodrive.com\/fr\/declaration-accessibilite\/#breadcrumb\",\"itemListElement\":[{\"@type\":\"ListItem\",\"position\":1,\"name\":\"Accueil\",\"item\":\"https:\/\/www.oodrive.com\/es\/\"},{\"@type\":\"ListItem\",\"position\":2,\"name\":\"D\u00e9claration d&#8217;accessibilit\u00e9 &#8211; Oodrive Sign\"}]},{\"@type\":\"WebSite\",\"@id\":\"https:\/\/www.oodrive.com\/#website\",\"url\":\"https:\/\/www.oodrive.com\/\",\"name\":\"Oodrive\",\"description\":\"Plateforme souveraine et s\u00e9curis\u00e9e, Oodrive permet de g\u00e9rer vos donn\u00e9es sensibles : partage, signature, sauvegarde et plus encore.\",\"publisher\":{\"@id\":\"https:\/\/www.oodrive.com\/#organization\"},\"potentialAction\":[{\"@type\":\"SearchAction\",\"target\":{\"@type\":\"EntryPoint\",\"urlTemplate\":\"https:\/\/www.oodrive.com\/?s={search_term_string}\"},\"query-input\":{\"@type\":\"PropertyValueSpecification\",\"valueRequired\":true,\"valueName\":\"search_term_string\"}}],\"inLanguage\":\"fr-FR\"},{\"@type\":\"Organization\",\"@id\":\"https:\/\/www.oodrive.com\/#organization\",\"name\":\"Oodrive\",\"url\":\"https:\/\/www.oodrive.com\/\",\"logo\":{\"@type\":\"ImageObject\",\"inLanguage\":\"fr-FR\",\"@id\":\"https:\/\/www.oodrive.com\/#\/schema\/logo\/image\/\",\"url\":\"https:\/\/www.oodrive.com\/wp-content\/uploads\/2021\/12\/oodrive_black_logo.svg\",\"contentUrl\":\"https:\/\/www.oodrive.com\/wp-content\/uploads\/2021\/12\/oodrive_black_logo.svg\",\"width\":132,\"height\":27,\"caption\":\"Oodrive\"},\"image\":{\"@id\":\"https:\/\/www.oodrive.com\/#\/schema\/logo\/image\/\"}}]}<\/script>\n<!-- \/ Yoast SEO plugin. -->","yoast_head_json":{"title":"D\u00e9claration d'accessibilit\u00e9 - Oodrive Sign - Oodrive","robots":{"index":"index","follow":"follow","max-snippet":"max-snippet:-1","max-image-preview":"max-image-preview:large","max-video-preview":"max-video-preview:-1"},"og_locale":"fr_FR","og_type":"article","og_title":"D\u00e9claration d'accessibilit\u00e9 - Oodrive Sign - Oodrive","og_description":"D\u00e9claration d&rsquo;accessibilit\u00e9 En savoir plus \u00c9tat de conformit\u00e9 R\u00e9sultats des tests Contenus non accessibles \u00c9tablissement de cette d\u00e9claration d\u2019accessibilit\u00e9 Technologies utilis\u00e9es pour la r\u00e9alisation du site Environnement de test Outils pour \u00e9valuer l\u2019accessibilit\u00e9 Pages du site ayant fait l\u2019objet de la v\u00e9rification de conformit\u00e9 Retour d\u2019information et contact Voies de recours \u00c9tat de conformit\u00e9 R\u00e9sultats [&hellip;]","og_url":"https:\/\/www.oodrive.com\/fr\/declaration-accessibilite\/","og_site_name":"Oodrive","article_modified_time":"2025-03-17T17:15:54+00:00","twitter_card":"summary_large_image","twitter_misc":{"Dur\u00e9e de lecture estim\u00e9e":"4 minutes"},"schema":{"@context":"https:\/\/schema.org","@graph":[{"@type":"WebPage","@id":"https:\/\/www.oodrive.com\/fr\/declaration-accessibilite\/","url":"https:\/\/www.oodrive.com\/fr\/declaration-accessibilite\/","name":"D\u00e9claration d'accessibilit\u00e9 - Oodrive Sign - Oodrive","isPartOf":{"@id":"https:\/\/www.oodrive.com\/#website"},"datePublished":"2025-02-27T16:02:31+00:00","dateModified":"2025-03-17T17:15:54+00:00","breadcrumb":{"@id":"https:\/\/www.oodrive.com\/fr\/declaration-accessibilite\/#breadcrumb"},"inLanguage":"fr-FR","potentialAction":[{"@type":"ReadAction","target":["https:\/\/www.oodrive.com\/fr\/declaration-accessibilite\/"]}]},{"@type":"BreadcrumbList","@id":"https:\/\/www.oodrive.com\/fr\/declaration-accessibilite\/#breadcrumb","itemListElement":[{"@type":"ListItem","position":1,"name":"Accueil","item":"https:\/\/www.oodrive.com\/es\/"},{"@type":"ListItem","position":2,"name":"D\u00e9claration d&#8217;accessibilit\u00e9 &#8211; Oodrive Sign"}]},{"@type":"WebSite","@id":"https:\/\/www.oodrive.com\/#website","url":"https:\/\/www.oodrive.com\/","name":"Oodrive","description":"Plateforme souveraine et s\u00e9curis\u00e9e, Oodrive permet de g\u00e9rer vos donn\u00e9es sensibles : partage, signature, sauvegarde et plus encore.","publisher":{"@id":"https:\/\/www.oodrive.com\/#organization"},"potentialAction":[{"@type":"SearchAction","target":{"@type":"EntryPoint","urlTemplate":"https:\/\/www.oodrive.com\/?s={search_term_string}"},"query-input":{"@type":"PropertyValueSpecification","valueRequired":true,"valueName":"search_term_string"}}],"inLanguage":"fr-FR"},{"@type":"Organization","@id":"https:\/\/www.oodrive.com\/#organization","name":"Oodrive","url":"https:\/\/www.oodrive.com\/","logo":{"@type":"ImageObject","inLanguage":"fr-FR","@id":"https:\/\/www.oodrive.com\/#\/schema\/logo\/image\/","url":"https:\/\/www.oodrive.com\/wp-content\/uploads\/2021\/12\/oodrive_black_logo.svg","contentUrl":"https:\/\/www.oodrive.com\/wp-content\/uploads\/2021\/12\/oodrive_black_logo.svg","width":132,"height":27,"caption":"Oodrive"},"image":{"@id":"https:\/\/www.oodrive.com\/#\/schema\/logo\/image\/"}}]}},"_links":{"self":[{"href":"https:\/\/www.oodrive.com\/fr\/wp-json\/wp\/v2\/pages\/6769550","targetHints":{"allow":["GET"]}}],"collection":[{"href":"https:\/\/www.oodrive.com\/fr\/wp-json\/wp\/v2\/pages"}],"about":[{"href":"https:\/\/www.oodrive.com\/fr\/wp-json\/wp\/v2\/types\/page"}],"author":[{"embeddable":true,"href":"https:\/\/www.oodrive.com\/fr\/wp-json\/wp\/v2\/users\/9"}],"replies":[{"embeddable":true,"href":"https:\/\/www.oodrive.com\/fr\/wp-json\/wp\/v2\/comments?post=6769550"}],"version-history":[{"count":0,"href":"https:\/\/www.oodrive.com\/fr\/wp-json\/wp\/v2\/pages\/6769550\/revisions"}],"wp:attachment":[{"href":"https:\/\/www.oodrive.com\/fr\/wp-json\/wp\/v2\/media?parent=6769550"}],"curies":[{"name":"wp","href":"https:\/\/api.w.org\/{rel}","templated":true}]}}