{"id":9084145,"date":"2025-09-10T13:11:51","date_gmt":"2025-09-10T13:11:51","guid":{"rendered":"https:\/\/www.oodrive.com\/?page_id=9084145"},"modified":"2026-02-13T10:20:58","modified_gmt":"2026-02-13T10:20:58","slug":"demande-de-demo-oodrive-work-collaboration","status":"publish","type":"page","link":"https:\/\/www.oodrive.com\/fr\/demander-une-demo\/oodrive-work\/collaboration\/","title":{"rendered":"Demande de d\u00e9mo &#8211; Oodrive Work &#8211; Collaboration"},"content":{"rendered":"\t\t<div data-elementor-type=\"wp-page\" data-elementor-id=\"9084145\" class=\"elementor elementor-9084145\" data-elementor-post-type=\"page\">\n\t\t\t\t<div class=\"elementor-element elementor-element-cde405 e-con-full e-flex e-con e-parent\" data-id=\"cde405\" data-element_type=\"container\" data-e-type=\"container\">\n\t\t<div class=\"elementor-element elementor-element-72dee58f e-con-full e-flex e-con e-child\" data-id=\"72dee58f\" data-element_type=\"container\" data-e-type=\"container\">\n\t\t<div class=\"elementor-element elementor-element-45895097 e-con-full e-flex e-con e-child\" data-id=\"45895097\" data-element_type=\"container\" data-e-type=\"container\">\n\t\t\t\t<div class=\"elementor-element elementor-element-34a2c41 elementor-tablet-align-left elementor-mobile-align-left lien-produit elementor-widget elementor-widget-button\" data-id=\"34a2c41\" data-element_type=\"widget\" data-e-type=\"widget\" data-widget_type=\"button.default\">\n\t\t\t\t<div class=\"elementor-widget-container\">\n\t\t\t\t\t\t\t\t\t<div class=\"elementor-button-wrapper\">\n\t\t\t\t\t<a class=\"elementor-button elementor-button-link elementor-size-sm\" href=\"https:\/\/www.oodrive.com\/fr\/produits\/oodrive-work\/\" data-location=\"Features section\">\n\t\t\t\t\t\t<span class=\"elementor-button-content-wrapper\">\n\t\t\t\t\t\t<span class=\"elementor-button-icon\">\n\t\t\t\t<svg xmlns=\"http:\/\/www.w3.org\/2000\/svg\" width=\"15\" height=\"10\" viewBox=\"0 0 15 10\" fill=\"none\"><path d=\"M14 4.5H2M2 4.5L6 1M2 4.5L6 8.5\" stroke=\"#202024\" stroke-width=\"1.5\" stroke-linecap=\"round\"><\/path><\/svg>\t\t\t<\/span>\n\t\t\t\t\t\t\t\t\t<span class=\"elementor-button-text\">Retour<\/span>\n\t\t\t\t\t<\/span>\n\t\t\t\t\t<\/a>\n\t\t\t\t<\/div>\n\t\t\t\t\t\t\t\t<\/div>\n\t\t\t\t<\/div>\n\t\t\t\t<div class=\"elementor-element elementor-element-3781a6f2 elementor-widget elementor-widget-image\" data-id=\"3781a6f2\" data-element_type=\"widget\" data-e-type=\"widget\" data-widget_type=\"image.default\">\n\t\t\t\t<div class=\"elementor-widget-container\">\n\t\t\t\t\t\t\t\t\t\t\t\t\t\t\t\t<a href=\"https:\/\/www.oodrive.com\/fr\/produits\/oodrive-work\/\">\n\t\t\t\t\t\t\t<img decoding=\"async\" src=\"https:\/\/www.oodrive.com\/wp-content\/uploads\/2025\/11\/oodrive-work-2-1.svg\" title=\"\" alt=\"Logo Oodrive Work, retour \u00e0 la page produit Oodrive Work\" loading=\"lazy\" \/>\t\t\t\t\t\t\t\t<\/a>\n\t\t\t\t\t\t\t\t\t\t\t\t\t\t\t<\/div>\n\t\t\t\t<\/div>\n\t\t\t\t<div class=\"elementor-element elementor-element-41f92c43 elementor-widget__width-inherit elementor-widget elementor-widget-heading\" data-id=\"41f92c43\" data-element_type=\"widget\" data-e-type=\"widget\" data-widget_type=\"heading.default\">\n\t\t\t\t<div class=\"elementor-widget-container\">\n\t\t\t\t\t<p class=\"elementor-heading-title elementor-size-default\">Suite collaborative qualifi\u00e9e SecNumCloud<\/p>\t\t\t\t<\/div>\n\t\t\t\t<\/div>\n\t\t<div class=\"elementor-element elementor-element-5919ec8f e-con-full e-flex e-con e-child\" data-id=\"5919ec8f\" data-element_type=\"container\" data-e-type=\"container\" data-settings=\"{&quot;background_background&quot;:&quot;classic&quot;}\">\n\t\t<div class=\"elementor-element elementor-element-e730be7 e-con-full item-step-sign step1 current  e-flex e-con e-child\" data-id=\"e730be7\" data-element_type=\"container\" data-e-type=\"container\">\n\t\t\t\t<div class=\"elementor-element elementor-element-32a26f91 icon-step1 elementor-widget elementor-widget-image\" data-id=\"32a26f91\" data-element_type=\"widget\" data-e-type=\"widget\" data-widget_type=\"image.default\">\n\t\t\t\t<div class=\"elementor-widget-container\">\n\t\t\t\t\t\t\t\t\t\t\t\t\t\t\t<img decoding=\"async\" src=\"https:\/\/www.oodrive.com\/wp-content\/uploads\/2025\/11\/icone-active-step-demo-work.png\" title=\"\" alt=\"\" loading=\"lazy\" \/>\t\t\t\t\t\t\t\t\t\t\t\t\t\t\t<\/div>\n\t\t\t\t<\/div>\n\t\t\t\t<div class=\"elementor-element elementor-element-5cc76b91 icon-step2 elementor-hidden-desktop elementor-hidden-tablet elementor-hidden-mobile elementor-widget elementor-widget-image\" data-id=\"5cc76b91\" data-element_type=\"widget\" data-e-type=\"widget\" data-widget_type=\"image.default\">\n\t\t\t\t<div class=\"elementor-widget-container\">\n\t\t\t\t\t\t\t\t\t\t\t\t\t\t\t<img decoding=\"async\" src=\"https:\/\/www.oodrive.com\/wp-content\/uploads\/2025\/11\/icone-step-done-demo-work.png\" title=\"\" alt=\"\" loading=\"lazy\" \/>\t\t\t\t\t\t\t\t\t\t\t\t\t\t\t<\/div>\n\t\t\t\t<\/div>\n\t\t\t\t<div class=\"elementor-element elementor-element-61148ddd elementor-widget__width-initial item-step-sign elementor-widget elementor-widget-text-editor\" data-id=\"61148ddd\" data-element_type=\"widget\" data-e-type=\"widget\" data-widget_type=\"text-editor.default\">\n\t\t\t\t<div class=\"elementor-widget-container\">\n\t\t\t\t\t\t\t\t\t<h3>D\u00e9taillez votre besoin<\/h3>\t\t\t\t\t\t\t\t<\/div>\n\t\t\t\t<\/div>\n\t\t\t\t<\/div>\n\t\t<div class=\"elementor-element elementor-element-5b67ffdf e-con-full item-step-sign step2 e-flex e-con e-child\" data-id=\"5b67ffdf\" data-element_type=\"container\" data-e-type=\"container\">\n\t\t\t\t<div class=\"elementor-element elementor-element-10178afb icon-step1 elementor-widget elementor-widget-image\" data-id=\"10178afb\" data-element_type=\"widget\" data-e-type=\"widget\" data-widget_type=\"image.default\">\n\t\t\t\t<div class=\"elementor-widget-container\">\n\t\t\t\t\t\t\t\t\t\t\t\t\t\t\t<img decoding=\"async\" src=\"https:\/\/www.oodrive.com\/wp-content\/uploads\/2025\/11\/icone-step-demo-sign.png\" title=\"\" alt=\"\" loading=\"lazy\" \/>\t\t\t\t\t\t\t\t\t\t\t\t\t\t\t<\/div>\n\t\t\t\t<\/div>\n\t\t\t\t<div class=\"elementor-element elementor-element-19cd9b7a icon-step2 elementor-hidden-desktop elementor-hidden-tablet elementor-hidden-mobile elementor-widget elementor-widget-image\" data-id=\"19cd9b7a\" data-element_type=\"widget\" data-e-type=\"widget\" data-widget_type=\"image.default\">\n\t\t\t\t<div class=\"elementor-widget-container\">\n\t\t\t\t\t\t\t\t\t\t\t\t\t\t\t<img decoding=\"async\" src=\"https:\/\/www.oodrive.com\/wp-content\/uploads\/2025\/11\/icone-active-step-demo-work.png\" title=\"\" alt=\"\" loading=\"lazy\" \/>\t\t\t\t\t\t\t\t\t\t\t\t\t\t\t<\/div>\n\t\t\t\t<\/div>\n\t\t\t\t<div class=\"elementor-element elementor-element-1351f361 icon-step3 elementor-hidden-desktop elementor-hidden-tablet elementor-hidden-mobile elementor-widget elementor-widget-image\" data-id=\"1351f361\" data-element_type=\"widget\" data-e-type=\"widget\" data-widget_type=\"image.default\">\n\t\t\t\t<div class=\"elementor-widget-container\">\n\t\t\t\t\t\t\t\t\t\t\t\t\t\t\t<img decoding=\"async\" src=\"https:\/\/www.oodrive.com\/wp-content\/uploads\/2025\/11\/icone-step-done-demo-work.png\" title=\"\" alt=\"\" loading=\"lazy\" \/>\t\t\t\t\t\t\t\t\t\t\t\t\t\t\t<\/div>\n\t\t\t\t<\/div>\n\t\t\t\t<div class=\"elementor-element elementor-element-78a7a441 elementor-widget__width-initial elementor-widget elementor-widget-text-editor\" data-id=\"78a7a441\" data-element_type=\"widget\" data-e-type=\"widget\" data-widget_type=\"text-editor.default\">\n\t\t\t\t<div class=\"elementor-widget-container\">\n\t\t\t\t\t\t\t\t\t<h3>Prenez rendez-vous pour une d\u00e9mo sur-mesure<\/h3>\t\t\t\t\t\t\t\t<\/div>\n\t\t\t\t<\/div>\n\t\t\t\t<\/div>\n\t\t<div class=\"elementor-element elementor-element-30ea318e e-con-full item-step-sign step3 e-flex e-con e-child\" data-id=\"30ea318e\" data-element_type=\"container\" data-e-type=\"container\">\n\t\t\t\t<div class=\"elementor-element elementor-element-62f3f01f icon-step1 elementor-widget elementor-widget-image\" data-id=\"62f3f01f\" data-element_type=\"widget\" data-e-type=\"widget\" data-widget_type=\"image.default\">\n\t\t\t\t<div class=\"elementor-widget-container\">\n\t\t\t\t\t\t\t\t\t\t\t\t\t\t\t<img decoding=\"async\" src=\"https:\/\/www.oodrive.com\/wp-content\/uploads\/2025\/11\/icone-step-demo-sign.png\" title=\"\" alt=\"\" loading=\"lazy\" \/>\t\t\t\t\t\t\t\t\t\t\t\t\t\t\t<\/div>\n\t\t\t\t<\/div>\n\t\t\t\t<div class=\"elementor-element elementor-element-7a9e5b4b icon-step2 elementor-hidden-desktop elementor-hidden-tablet elementor-hidden-mobile elementor-widget elementor-widget-image\" data-id=\"7a9e5b4b\" data-element_type=\"widget\" data-e-type=\"widget\" data-widget_type=\"image.default\">\n\t\t\t\t<div class=\"elementor-widget-container\">\n\t\t\t\t\t\t\t\t\t\t\t\t\t\t\t<img decoding=\"async\" src=\"https:\/\/www.oodrive.com\/wp-content\/uploads\/2025\/11\/icone-active-step-demo-work.png\" title=\"\" alt=\"\" loading=\"lazy\" \/>\t\t\t\t\t\t\t\t\t\t\t\t\t\t\t<\/div>\n\t\t\t\t<\/div>\n\t\t\t\t<div class=\"elementor-element elementor-element-14c868fc icon-step3 elementor-hidden-desktop elementor-hidden-tablet elementor-hidden-mobile elementor-widget elementor-widget-image\" data-id=\"14c868fc\" data-element_type=\"widget\" data-e-type=\"widget\" data-widget_type=\"image.default\">\n\t\t\t\t<div class=\"elementor-widget-container\">\n\t\t\t\t\t\t\t\t\t\t\t\t\t\t\t<img decoding=\"async\" src=\"https:\/\/www.oodrive.com\/wp-content\/uploads\/2025\/11\/icone-step-done-demo-work.png\" title=\"\" alt=\"\" loading=\"lazy\" \/>\t\t\t\t\t\t\t\t\t\t\t\t\t\t\t<\/div>\n\t\t\t\t<\/div>\n\t\t\t\t<div class=\"elementor-element elementor-element-63db46db elementor-widget__width-initial elementor-widget elementor-widget-text-editor\" data-id=\"63db46db\" data-element_type=\"widget\" data-e-type=\"widget\" data-widget_type=\"text-editor.default\">\n\t\t\t\t<div class=\"elementor-widget-container\">\n\t\t\t\t\t\t\t\t\t<h3>D\u00e9couvrez notre accompagnement<\/h3>\t\t\t\t\t\t\t\t<\/div>\n\t\t\t\t<\/div>\n\t\t\t\t<\/div>\n\t\t\t\t<\/div>\n\t\t\t\t<div class=\"elementor-element elementor-element-12b482f9 elementor-widget__width-inherit elementor-hidden-tablet elementor-hidden-mobile elementor-widget elementor-widget-image\" data-id=\"12b482f9\" data-element_type=\"widget\" data-e-type=\"widget\" data-widget_type=\"image.default\">\n\t\t\t\t<div class=\"elementor-widget-container\">\n\t\t\t\t\t\t\t\t\t\t\t\t\t\t\t<img decoding=\"async\" src=\"https:\/\/www.oodrive.com\/wp-content\/uploads\/2025\/11\/picto-titre-item-accordion-work.svg\" title=\"\" alt=\"\" loading=\"lazy\" \/>\t\t\t\t\t\t\t\t\t\t\t\t\t\t\t<\/div>\n\t\t\t\t<\/div>\n\t\t\t\t<\/div>\n\t\t\t\t<\/div>\n\t\t<div class=\"elementor-element elementor-element-7143c4c7 e-con-full e-flex e-con e-child\" data-id=\"7143c4c7\" data-element_type=\"container\" data-e-type=\"container\" data-settings=\"{&quot;background_background&quot;:&quot;classic&quot;}\">\n\t\t<div class=\"elementor-element elementor-element-8aea9cd e-con-full e-flex e-con e-child\" data-id=\"8aea9cd\" data-element_type=\"container\" data-e-type=\"container\">\n\t\t\t\t<div class=\"elementor-element elementor-element-34cb576a titre-demo elementor-widget elementor-widget-heading\" data-id=\"34cb576a\" data-element_type=\"widget\" data-e-type=\"widget\" data-widget_type=\"heading.default\">\n\t\t\t\t<div class=\"elementor-widget-container\">\n\t\t\t\t\t<h1 class=\"elementor-heading-title elementor-size-default\">Compl\u00e9tez le formulaire<\/h1>\t\t\t\t<\/div>\n\t\t\t\t<\/div>\n\t\t\t\t<div class=\"elementor-element elementor-element-472a01fe elementor-widget__width-initial txt-demo elementor-widget-tablet__width-inherit elementor-widget elementor-widget-text-editor\" data-id=\"472a01fe\" data-element_type=\"widget\" data-e-type=\"widget\" data-widget_type=\"text-editor.default\">\n\t\t\t\t<div class=\"elementor-widget-container\">\n\t\t\t\t\t\t\t\t\t<p>Formulez votre besoin, nos experts sont \u00e0 votre \u00e9coute.<\/p>\t\t\t\t\t\t\t\t<\/div>\n\t\t\t\t<\/div>\n\t\t\t\t<div class=\"elementor-element elementor-element-1e4974f4 elementor-widget__width-initial form_demo elementor-widget-tablet__width-inherit elementor-widget elementor-widget-html\" data-id=\"1e4974f4\" data-element_type=\"widget\" data-e-type=\"widget\" data-widget_type=\"html.default\">\n\t\t\t\t<div class=\"elementor-widget-container\">\n\t\t\t\t\t<script style=\"text\/javascript\">\r\n  window.onload = function() {\r\n    function checkHbspForm(){\r\n        setTimeout(function(){\r\n            if($('.hbspt-form form').length < 1){\r\n                $('.alert-hbsp-form').css(\"display\",\"block\");\r\n                $('.spinner-load').css(\"display\",\"none\");\r\n            }\r\n        }, 3000);\r\n    }\r\n    checkHbspForm();\r\n  };\r\n<\/script>\r\n\r\n<div class=\"spinner-load\"><\/div>\r\n\r\n\r\n<script type=\"text\/javascript\">\r\n$(document).ready(function() {\r\n    \/\/ S\u00e9lecteur du formulaire HubSpot\r\n    const formSelector = '.hbspt-form form';\r\n\r\n    \/\/ Fonction pour v\u00e9rifier la pr\u00e9sence du formulaire\r\n    function checkForForm() {\r\n        if ($(formSelector).length > 0) {\r\n            \/\/ Si le formulaire est trouv\u00e9, afficher une alerte\r\n            $('.spinner-load').css(\"display\",\"none\");\r\n        }\r\n    }\r\n\r\n    \/\/ Configuration de MutationObserver\r\n    const observer = new MutationObserver(function(mutations) {\r\n        mutations.forEach(function(mutation) {\r\n            \/\/ V\u00e9rifier si des n\u0153uds ont \u00e9t\u00e9 ajout\u00e9s\r\n            if (mutation.addedNodes.length > 0) {\r\n                checkForForm();\r\n            }\r\n        });\r\n    });\r\n\r\n    \/\/ D\u00e9marrer l'observation du corps de la page\r\n    observer.observe(document.body, {\r\n        childList: true, \/\/ Surveiller les ajouts\/suppressions de n\u0153uds enfants\r\n        subtree: true \/\/ Surveiller tout le sous-arbre du DOM\r\n    });\r\n\r\n    \/\/ V\u00e9rifier imm\u00e9diatement au chargement de la page\r\n    checkForForm();\r\n});    \r\n<\/script>\r\n\r\n<script charset=\"utf-8\" type=\"text\/javascript\" src=\"\/\/js-eu1.hsforms.net\/forms\/embed\/v2.js\"><\/script>\r\n<script>\r\n  hbspt.forms.create({\r\n    region: \"eu1\",\r\n    portalId: \"26269313\",\r\n    formId: \"26458656-ec8f-4a6e-b671-6ce35a921b6c\"\r\n  });\r\n<\/script>\r\n\r\n\r\n<div class=\"alert-hbsp-form\">\r\n    <p>Il semblerait que les param\u00e8tres de votre navigateur emp\u00eachent l'affichage de ce formulaire.<\/p>\r\n    <p>Pour \u00eatre recontact\u00e9, vous pouvez \u00e9crire \u00e0 Guillaume Joubert :  <strong>g.joubert@oodrive.com<\/strong><\/p>\r\n    <p>Merci, <br>\r\nL\u2019\u00e9quipe Oodrive.<\/p>\r\n<\/div>\t\t\t\t<\/div>\n\t\t\t\t<\/div>\n\t\t\t\t<\/div>\n\t\t\t\t<\/div>\n\t\t\t\t<\/div>\n\t\t\t\t<\/div>\n\t\t","protected":false},"excerpt":{"rendered":"<p>Retour Suite collaborative qualifi\u00e9e SecNumCloud D\u00e9taillez votre besoin Prenez rendez-vous pour une d\u00e9mo sur-mesure D\u00e9couvrez notre accompagnement Compl\u00e9tez le formulaire Formulez votre besoin, nos experts sont \u00e0 votre \u00e9coute. Il semblerait que les param\u00e8tres de votre navigateur emp\u00eachent l&rsquo;affichage de ce formulaire. Pour \u00eatre recontact\u00e9, vous pouvez \u00e9crire \u00e0 Guillaume Joubert : g.joubert@oodrive.com Merci, L\u2019\u00e9quipe [&hellip;]<\/p>\n","protected":false},"author":9,"featured_media":0,"parent":296742,"menu_order":0,"comment_status":"closed","ping_status":"closed","template":"elementor_header_footer","meta":{"inline_featured_image":false,"footnotes":""},"class_list":["post-9084145","page","type-page","status-publish","hentry"],"yoast_head":"<!-- This site is optimized with the Yoast SEO plugin v26.9 - https:\/\/yoast.com\/product\/yoast-seo-wordpress\/ -->\n<title>Demandez votre d\u00e9mo d&#039;Oodrive Work | Oodrive<\/title>\n<meta name=\"robots\" content=\"index, follow, max-snippet:-1, max-image-preview:large, max-video-preview:-1\" \/>\n<meta property=\"og:locale\" content=\"fr_FR\" \/>\n<meta property=\"og:type\" content=\"article\" \/>\n<meta property=\"og:title\" content=\"Demandez votre d\u00e9mo d&#039;Oodrive Work | Oodrive\" \/>\n<meta property=\"og:description\" content=\"Retour Suite collaborative qualifi\u00e9e SecNumCloud D\u00e9taillez votre besoin Prenez rendez-vous pour une d\u00e9mo sur-mesure D\u00e9couvrez notre accompagnement Compl\u00e9tez le formulaire Formulez votre besoin, nos experts sont \u00e0 votre \u00e9coute. Il semblerait que les param\u00e8tres de votre navigateur emp\u00eachent l&rsquo;affichage de ce formulaire. Pour \u00eatre recontact\u00e9, vous pouvez \u00e9crire \u00e0 Guillaume Joubert : g.joubert@oodrive.com Merci, L\u2019\u00e9quipe [&hellip;]\" \/>\n<meta property=\"og:url\" content=\"https:\/\/www.oodrive.com\/fr\/demander-une-demo\/oodrive-work\/collaboration\/\" \/>\n<meta property=\"og:site_name\" content=\"Oodrive\" \/>\n<meta property=\"article:modified_time\" content=\"2026-02-13T10:20:58+00:00\" \/>\n<meta property=\"og:image\" content=\"https:\/\/www.oodrive.com\/wp-content\/uploads\/2025\/11\/oodrive-work-2-1.svg\" \/>\n<meta name=\"twitter:card\" content=\"summary_large_image\" \/>\n<meta name=\"twitter:label1\" content=\"Dur\u00e9e de lecture estim\u00e9e\" \/>\n\t<meta name=\"twitter:data1\" content=\"3 minutes\" \/>\n<script type=\"application\/ld+json\" class=\"yoast-schema-graph\">{\"@context\":\"https:\/\/schema.org\",\"@graph\":[{\"@type\":\"WebPage\",\"@id\":\"https:\/\/www.oodrive.com\/fr\/demander-une-demo\/oodrive-work\/collaboration\/\",\"url\":\"https:\/\/www.oodrive.com\/fr\/demander-une-demo\/oodrive-work\/collaboration\/\",\"name\":\"Demandez votre d\u00e9mo d'Oodrive Work | Oodrive\",\"isPartOf\":{\"@id\":\"https:\/\/www.oodrive.com\/#website\"},\"primaryImageOfPage\":{\"@id\":\"https:\/\/www.oodrive.com\/fr\/demander-une-demo\/oodrive-work\/collaboration\/#primaryimage\"},\"image\":{\"@id\":\"https:\/\/www.oodrive.com\/fr\/demander-une-demo\/oodrive-work\/collaboration\/#primaryimage\"},\"thumbnailUrl\":\"https:\/\/www.oodrive.com\/wp-content\/uploads\/2025\/11\/oodrive-work-2-1.svg\",\"datePublished\":\"2025-09-10T13:11:51+00:00\",\"dateModified\":\"2026-02-13T10:20:58+00:00\",\"breadcrumb\":{\"@id\":\"https:\/\/www.oodrive.com\/fr\/demander-une-demo\/oodrive-work\/collaboration\/#breadcrumb\"},\"inLanguage\":\"fr-FR\",\"potentialAction\":[{\"@type\":\"ReadAction\",\"target\":[\"https:\/\/www.oodrive.com\/fr\/demander-une-demo\/oodrive-work\/collaboration\/\"]}]},{\"@type\":\"ImageObject\",\"inLanguage\":\"fr-FR\",\"@id\":\"https:\/\/www.oodrive.com\/fr\/demander-une-demo\/oodrive-work\/collaboration\/#primaryimage\",\"url\":\"https:\/\/www.oodrive.com\/wp-content\/uploads\/2025\/11\/oodrive-work-2-1.svg\",\"contentUrl\":\"https:\/\/www.oodrive.com\/wp-content\/uploads\/2025\/11\/oodrive-work-2-1.svg\"},{\"@type\":\"BreadcrumbList\",\"@id\":\"https:\/\/www.oodrive.com\/fr\/demander-une-demo\/oodrive-work\/collaboration\/#breadcrumb\",\"itemListElement\":[{\"@type\":\"ListItem\",\"position\":1,\"name\":\"Accueil\",\"item\":\"https:\/\/www.oodrive.com\/es\/\"},{\"@type\":\"ListItem\",\"position\":2,\"name\":\"Demande de d\u00e9mo\",\"item\":\"https:\/\/www.oodrive.com\/request-a-demo\/\"},{\"@type\":\"ListItem\",\"position\":3,\"name\":\"Demande de d\u00e9mo &#8211; Oodrive Work &#8211; Collaboration\"}]},{\"@type\":\"WebSite\",\"@id\":\"https:\/\/www.oodrive.com\/#website\",\"url\":\"https:\/\/www.oodrive.com\/\",\"name\":\"Oodrive\",\"description\":\"Plateforme souveraine et s\u00e9curis\u00e9e, Oodrive permet de g\u00e9rer vos donn\u00e9es sensibles : partage, signature, sauvegarde et plus encore.\",\"publisher\":{\"@id\":\"https:\/\/www.oodrive.com\/#organization\"},\"potentialAction\":[{\"@type\":\"SearchAction\",\"target\":{\"@type\":\"EntryPoint\",\"urlTemplate\":\"https:\/\/www.oodrive.com\/?s={search_term_string}\"},\"query-input\":{\"@type\":\"PropertyValueSpecification\",\"valueRequired\":true,\"valueName\":\"search_term_string\"}}],\"inLanguage\":\"fr-FR\"},{\"@type\":\"Organization\",\"@id\":\"https:\/\/www.oodrive.com\/#organization\",\"name\":\"Oodrive\",\"url\":\"https:\/\/www.oodrive.com\/\",\"logo\":{\"@type\":\"ImageObject\",\"inLanguage\":\"fr-FR\",\"@id\":\"https:\/\/www.oodrive.com\/#\/schema\/logo\/image\/\",\"url\":\"https:\/\/www.oodrive.com\/wp-content\/uploads\/2021\/12\/oodrive_black_logo.svg\",\"contentUrl\":\"https:\/\/www.oodrive.com\/wp-content\/uploads\/2021\/12\/oodrive_black_logo.svg\",\"width\":132,\"height\":27,\"caption\":\"Oodrive\"},\"image\":{\"@id\":\"https:\/\/www.oodrive.com\/#\/schema\/logo\/image\/\"}}]}<\/script>\n<!-- \/ Yoast SEO plugin. -->","yoast_head_json":{"title":"Demandez votre d\u00e9mo d'Oodrive Work | Oodrive","robots":{"index":"index","follow":"follow","max-snippet":"max-snippet:-1","max-image-preview":"max-image-preview:large","max-video-preview":"max-video-preview:-1"},"og_locale":"fr_FR","og_type":"article","og_title":"Demandez votre d\u00e9mo d'Oodrive Work | Oodrive","og_description":"Retour Suite collaborative qualifi\u00e9e SecNumCloud D\u00e9taillez votre besoin Prenez rendez-vous pour une d\u00e9mo sur-mesure D\u00e9couvrez notre accompagnement Compl\u00e9tez le formulaire Formulez votre besoin, nos experts sont \u00e0 votre \u00e9coute. Il semblerait que les param\u00e8tres de votre navigateur emp\u00eachent l&rsquo;affichage de ce formulaire. Pour \u00eatre recontact\u00e9, vous pouvez \u00e9crire \u00e0 Guillaume Joubert : g.joubert@oodrive.com Merci, L\u2019\u00e9quipe [&hellip;]","og_url":"https:\/\/www.oodrive.com\/fr\/demander-une-demo\/oodrive-work\/collaboration\/","og_site_name":"Oodrive","article_modified_time":"2026-02-13T10:20:58+00:00","og_image":[{"url":"https:\/\/www.oodrive.com\/wp-content\/uploads\/2025\/11\/oodrive-work-2-1.svg","type":"","width":"","height":""}],"twitter_card":"summary_large_image","twitter_misc":{"Dur\u00e9e de lecture estim\u00e9e":"3 minutes"},"schema":{"@context":"https:\/\/schema.org","@graph":[{"@type":"WebPage","@id":"https:\/\/www.oodrive.com\/fr\/demander-une-demo\/oodrive-work\/collaboration\/","url":"https:\/\/www.oodrive.com\/fr\/demander-une-demo\/oodrive-work\/collaboration\/","name":"Demandez votre d\u00e9mo d'Oodrive Work | Oodrive","isPartOf":{"@id":"https:\/\/www.oodrive.com\/#website"},"primaryImageOfPage":{"@id":"https:\/\/www.oodrive.com\/fr\/demander-une-demo\/oodrive-work\/collaboration\/#primaryimage"},"image":{"@id":"https:\/\/www.oodrive.com\/fr\/demander-une-demo\/oodrive-work\/collaboration\/#primaryimage"},"thumbnailUrl":"https:\/\/www.oodrive.com\/wp-content\/uploads\/2025\/11\/oodrive-work-2-1.svg","datePublished":"2025-09-10T13:11:51+00:00","dateModified":"2026-02-13T10:20:58+00:00","breadcrumb":{"@id":"https:\/\/www.oodrive.com\/fr\/demander-une-demo\/oodrive-work\/collaboration\/#breadcrumb"},"inLanguage":"fr-FR","potentialAction":[{"@type":"ReadAction","target":["https:\/\/www.oodrive.com\/fr\/demander-une-demo\/oodrive-work\/collaboration\/"]}]},{"@type":"ImageObject","inLanguage":"fr-FR","@id":"https:\/\/www.oodrive.com\/fr\/demander-une-demo\/oodrive-work\/collaboration\/#primaryimage","url":"https:\/\/www.oodrive.com\/wp-content\/uploads\/2025\/11\/oodrive-work-2-1.svg","contentUrl":"https:\/\/www.oodrive.com\/wp-content\/uploads\/2025\/11\/oodrive-work-2-1.svg"},{"@type":"BreadcrumbList","@id":"https:\/\/www.oodrive.com\/fr\/demander-une-demo\/oodrive-work\/collaboration\/#breadcrumb","itemListElement":[{"@type":"ListItem","position":1,"name":"Accueil","item":"https:\/\/www.oodrive.com\/es\/"},{"@type":"ListItem","position":2,"name":"Demande de d\u00e9mo","item":"https:\/\/www.oodrive.com\/request-a-demo\/"},{"@type":"ListItem","position":3,"name":"Demande de d\u00e9mo &#8211; Oodrive Work &#8211; Collaboration"}]},{"@type":"WebSite","@id":"https:\/\/www.oodrive.com\/#website","url":"https:\/\/www.oodrive.com\/","name":"Oodrive","description":"Plateforme souveraine et s\u00e9curis\u00e9e, Oodrive permet de g\u00e9rer vos donn\u00e9es sensibles : partage, signature, sauvegarde et plus encore.","publisher":{"@id":"https:\/\/www.oodrive.com\/#organization"},"potentialAction":[{"@type":"SearchAction","target":{"@type":"EntryPoint","urlTemplate":"https:\/\/www.oodrive.com\/?s={search_term_string}"},"query-input":{"@type":"PropertyValueSpecification","valueRequired":true,"valueName":"search_term_string"}}],"inLanguage":"fr-FR"},{"@type":"Organization","@id":"https:\/\/www.oodrive.com\/#organization","name":"Oodrive","url":"https:\/\/www.oodrive.com\/","logo":{"@type":"ImageObject","inLanguage":"fr-FR","@id":"https:\/\/www.oodrive.com\/#\/schema\/logo\/image\/","url":"https:\/\/www.oodrive.com\/wp-content\/uploads\/2021\/12\/oodrive_black_logo.svg","contentUrl":"https:\/\/www.oodrive.com\/wp-content\/uploads\/2021\/12\/oodrive_black_logo.svg","width":132,"height":27,"caption":"Oodrive"},"image":{"@id":"https:\/\/www.oodrive.com\/#\/schema\/logo\/image\/"}}]}},"_links":{"self":[{"href":"https:\/\/www.oodrive.com\/fr\/wp-json\/wp\/v2\/pages\/9084145","targetHints":{"allow":["GET"]}}],"collection":[{"href":"https:\/\/www.oodrive.com\/fr\/wp-json\/wp\/v2\/pages"}],"about":[{"href":"https:\/\/www.oodrive.com\/fr\/wp-json\/wp\/v2\/types\/page"}],"author":[{"embeddable":true,"href":"https:\/\/www.oodrive.com\/fr\/wp-json\/wp\/v2\/users\/9"}],"replies":[{"embeddable":true,"href":"https:\/\/www.oodrive.com\/fr\/wp-json\/wp\/v2\/comments?post=9084145"}],"version-history":[{"count":3,"href":"https:\/\/www.oodrive.com\/fr\/wp-json\/wp\/v2\/pages\/9084145\/revisions"}],"predecessor-version":[{"id":10456768,"href":"https:\/\/www.oodrive.com\/fr\/wp-json\/wp\/v2\/pages\/9084145\/revisions\/10456768"}],"up":[{"embeddable":true,"href":"https:\/\/www.oodrive.com\/fr\/wp-json\/wp\/v2\/pages\/296742"}],"wp:attachment":[{"href":"https:\/\/www.oodrive.com\/fr\/wp-json\/wp\/v2\/media?parent=9084145"}],"curies":[{"name":"wp","href":"https:\/\/api.w.org\/{rel}","templated":true}]}}